{"id":937,"date":"2024-02-01T19:36:28","date_gmt":"2024-02-01T19:36:28","guid":{"rendered":"https:\/\/winnerscore.co\/rechtliche-hinweise\/"},"modified":"2024-02-08T12:53:12","modified_gmt":"2024-02-08T12:53:12","slug":"rechtliche-hinweise","status":"publish","type":"page","link":"https:\/\/winnerscore.co\/de\/rechtliche-hinweise\/","title":{"rendered":"Rechtliche Hinweise"},"content":{"rendered":"\t\t<div data-elementor-type=\"wp-page\" data-elementor-id=\"937\" class=\"elementor elementor-937 elementor-419\" data-elementor-post-type=\"page\">\n\t\t\t\t<div class=\"elementor-element elementor-element-11d7396 e-flex e-con-boxed e-con e-parent\" data-id=\"11d7396\" data-element_type=\"container\">\n\t\t\t\t\t<div class=\"e-con-inner\">\n\t\t\t\t<div class=\"elementor-element elementor-element-e7d862a elementor-widget elementor-widget-heading\" data-id=\"e7d862a\" data-element_type=\"widget\" data-widget_type=\"heading.default\">\n\t\t\t\t<div class=\"elementor-widget-container\">\n\t\t\t\t\t<h1 class=\"elementor-heading-title elementor-size-default\">Rechtliche Hinweise<\/h1>\t\t\t\t<\/div>\n\t\t\t\t<\/div>\n\t\t\t\t<div class=\"elementor-element elementor-element-58bac78 elementor-widget elementor-widget-text-editor\" data-id=\"58bac78\" data-element_type=\"widget\" data-widget_type=\"text-editor.default\">\n\t\t\t\t<div class=\"elementor-widget-container\">\n\t\t\t\t\t\t\t\t\t<div>\n<h2>Verantwortung f\u00fcr die Seite<\/h2>\n<p>Name der Gesellschaft :&nbsp;<strong>COLLAB 365<\/strong><br>Dessen Hauptsitz sich befindet in &#8211; 2 Rue Averroes, 93000 Bobigny, Frankreich<br>Registriert: 840929384<br>Unter Siret Nr. :&nbsp;<strong>84092938400013<\/strong><br>Website&nbsp;<a href=\"https:\/\/www.winnerscore.co\">: https:\/\/winnerscore.co<\/a><\/p>\n<p>COLLAB 365<br>2 Rue Averroes, 93000 Bobigny, Frankreich<br>+33 6 74 84 24 94<\/p>\n<\/div>\n<div>\n<h2>Urheberrecht<\/h2>\n<p>WINNERSCORE ist ein Dienst, der von der Firma COLLAB 365 SASU mit einem Kapital von 1000\u20ac | 2 Rue Averroes, 93000 Bobigny vermarktet wird.&nbsp;<span style=\"color: var( --e-global-color-text ); font-family: var( --e-global-typography-text-font-family ), Sans-serif; font-size: var( --e-global-typography-text-font-size ); font-weight: var( --e-global-typography-text-font-weight ); text-align: var(--text-align);\">|<\/span><span style=\"color: var( --e-global-color-text ); font-family: var( --e-global-typography-text-font-family ), Sans-serif; font-size: var( --e-global-typography-text-font-size ); font-weight: var( --e-global-typography-text-font-weight ); text-align: var(--text-align);\">&nbsp;SIRENE :&nbsp;<\/span><span style=\"text-align: var(--text-align);\">840 929 384 RCS BOBIGNY. T\u00e4tigkeit :&nbsp;<\/span><span style=\"text-align: var(--text-align);\">Beratung und Dienstleistung im Bereich Computersysteme und -software; Entwicklung, Integration, Wartung und Support von Computersoftware und -paketen; Beratung und Dienstleistung im Bereich digitale Strategie, Grafik und Multimedia; nicht regulierte Ausbildung in den oben genannten Bereichen.<\/span><\/p>\n<p>Die Verwendung jeglichen Materials (Fotos, Texte, Bilder usw.) von der Seite&nbsp;https:\/\/winnerscore.co&nbsp;ist ausschlie\u00dflich zu Informationszwecken und f\u00fcr den privaten Gebrauch erlaubt. Jegliche Nutzung, die zu kommerziellen Zwecken erfolgen k\u00f6nnte, ist untersagt.<br>COLLAB 365 bem\u00fcht sich nach besten Kr\u00e4ften, die Richtigkeit und Aktualit\u00e4t der auf der Website ver\u00f6ffentlichten Informationen zu gew\u00e4hrleisten.&nbsp;<a href=\"https:\/\/winnerscore.co\/de\/\">https:\/\/winnerscore.co<\/a><a href=\"https:\/\/www.mozzaik365.com\/fr\/\">.<\/a><br>Wir betonen jedoch, dass es den Besuchern obliegt, die Informationen auf der Website zu \u00fcberpr\u00fcfen, auch indem sie sich mit uns in Verbindung setzen.<br>Folglich lehnt COLLAB 365 jegliche Haftung ab: f\u00fcr Ungenauigkeiten, Unrichtigkeiten oder Auslassungen in Bezug auf die auf der Website verf\u00fcgbaren Informationen, f\u00fcr Sch\u00e4den, die aus einem betr\u00fcgerischen Eindringen Dritter resultieren, das zu einer \u00c4nderung der auf der Website bereitgestellten Informationen gef\u00fchrt hat, und ganz allgemein f\u00fcr alle direkten oder indirekten Sch\u00e4den, unabh\u00e4ngig von deren Ursachen, Urspr\u00fcngen, Naturen oder Folgen, die aufgrund des Zugangs einer Person zur Website oder der Unm\u00f6glichkeit, auf diese zuzugreifen, sowie aufgrund der Nutzung der Website und\/oder des Vertrauens auf irgendwelche Informationen, die direkt oder indirekt von der Website stammen, verursacht werden.<br>Dar\u00fcber hinaus sind, sofern nicht anders angegeben, die geistigen Eigentumsrechte an den auf der Website enthaltenen Dokumenten und an jedem der f\u00fcr die Website erstellten Elemente&nbsp;https:\/\/winnerscore.co\/&nbsp;sind das alleinige Eigentum von COLLAB 365, die keine Lizenzen oder Rechte au\u00dfer dem Recht, die Seite anzusehen, gew\u00e4hren.<br>Die Vervielf\u00e4ltigung aller auf der Website ver\u00f6ffentlichten Dokumente ist nur zum ausschlie\u00dflichen Zweck der Information f\u00fcr den pers\u00f6nlichen und privaten Gebrauch gestattet, wobei jede Vervielf\u00e4ltigung und Nutzung von Kopien, die zu anderen Zwecken angefertigt wurden, ausdr\u00fccklich untersagt ist.<br>Alle auf dieser Seite genannten Marken sind Eigentum ihrer jeweiligen Unternehmen.<br>Alle Produkte, Logos und Bilder, die auf den Seiten dieser Website erw\u00e4hnt werden, sind Eigentum ihrer jeweiligen Marken.<\/p>\n<\/div>\n<div>\n<h2>Technische Informationen<\/h2>\n<p>Diese Website ist rund um die Uhr zug\u00e4nglich, au\u00dfer in F\u00e4llen h\u00f6herer Gewalt, bei Computerschwierigkeiten, Wartungsarbeiten, Schwierigkeiten aufgrund der Struktur der Kommunikationsnetze oder technischen Schwierigkeiten.<\/p>\n<\/div>\t\t\t\t\t\t\t\t<\/div>\n\t\t\t\t<\/div>\n\t\t\t\t\t<\/div>\n\t\t\t\t<\/div>\n\t\t\t\t<\/div>\n\t\t","protected":false},"excerpt":{"rendered":"<p>Rechtliche Hinweise Verantwortung f\u00fcr die Seite Name der Gesellschaft :&nbsp;COLLAB 365Dessen Hauptsitz sich befindet in &#8211; 2 Rue Averroes, 93000 Bobigny, FrankreichRegistriert: 840929384Unter Siret Nr. :&nbsp;84092938400013Website&nbsp;: https:\/\/winnerscore.co COLLAB 3652 Rue Averroes, 93000 Bobigny, Frankreich+33 6 74 84 24 94 Urheberrecht WINNERSCORE ist ein Dienst, der von der Firma COLLAB 365 SASU mit einem Kapital von [&hellip;]<\/p>\n","protected":false},"author":1,"featured_media":0,"parent":0,"menu_order":0,"comment_status":"closed","ping_status":"closed","template":"","meta":{"footnotes":""},"yoast_head":"<!-- This site is optimized with the Yoast SEO plugin v24.5 - https:\/\/yoast.com\/wordpress\/plugins\/seo\/ -->\n<title>Rechtliche Hinweise - Winnerscore<\/title>\n<meta name=\"robots\" content=\"index, follow, max-snippet:-1, max-image-preview:large, max-video-preview:-1\" \/>\n<link rel=\"canonical\" href=\"https:\/\/winnerscore.co\/de\/rechtliche-hinweise\/\" \/>\n<meta property=\"og:locale\" content=\"de_DE\" \/>\n<meta property=\"og:type\" content=\"article\" \/>\n<meta property=\"og:title\" content=\"Rechtliche Hinweise - Winnerscore\" \/>\n<meta property=\"og:description\" content=\"Rechtliche Hinweise Verantwortung f\u00fcr die Seite Name der Gesellschaft :&nbsp;COLLAB 365Dessen Hauptsitz sich befindet in &#8211; 2 Rue Averroes, 93000 Bobigny, FrankreichRegistriert: 840929384Unter Siret Nr. :&nbsp;84092938400013Website&nbsp;: https:\/\/winnerscore.co COLLAB 3652 Rue Averroes, 93000 Bobigny, Frankreich+33 6 74 84 24 94 Urheberrecht WINNERSCORE ist ein Dienst, der von der Firma COLLAB 365 SASU mit einem Kapital von [&hellip;]\" \/>\n<meta property=\"og:url\" content=\"https:\/\/winnerscore.co\/de\/rechtliche-hinweise\/\" \/>\n<meta property=\"og:site_name\" content=\"Winnerscore\" \/>\n<meta property=\"article:modified_time\" content=\"2024-02-08T12:53:12+00:00\" \/>\n<meta name=\"twitter:card\" content=\"summary_large_image\" \/>\n<meta name=\"twitter:label1\" content=\"Gesch\u00e4tzte Lesezeit\" \/>\n\t<meta name=\"twitter:data1\" content=\"2\u00a0Minuten\" \/>\n<script type=\"application\/ld+json\" class=\"yoast-schema-graph\">{\"@context\":\"https:\/\/schema.org\",\"@graph\":[{\"@type\":\"WebPage\",\"@id\":\"https:\/\/winnerscore.co\/de\/rechtliche-hinweise\/\",\"url\":\"https:\/\/winnerscore.co\/de\/rechtliche-hinweise\/\",\"name\":\"Rechtliche Hinweise - Winnerscore\",\"isPartOf\":{\"@id\":\"https:\/\/winnerscore.co\/#website\"},\"datePublished\":\"2024-02-01T19:36:28+00:00\",\"dateModified\":\"2024-02-08T12:53:12+00:00\",\"breadcrumb\":{\"@id\":\"https:\/\/winnerscore.co\/de\/rechtliche-hinweise\/#breadcrumb\"},\"inLanguage\":\"de\",\"potentialAction\":[{\"@type\":\"ReadAction\",\"target\":[\"https:\/\/winnerscore.co\/de\/rechtliche-hinweise\/\"]}]},{\"@type\":\"BreadcrumbList\",\"@id\":\"https:\/\/winnerscore.co\/de\/rechtliche-hinweise\/#breadcrumb\",\"itemListElement\":[{\"@type\":\"ListItem\",\"position\":1,\"name\":\"Accueil\",\"item\":\"https:\/\/winnerscore.co\/de\/startseite\/\"},{\"@type\":\"ListItem\",\"position\":2,\"name\":\"Rechtliche Hinweise\"}]},{\"@type\":\"WebSite\",\"@id\":\"https:\/\/winnerscore.co\/#website\",\"url\":\"https:\/\/winnerscore.co\/\",\"name\":\"Winnerscore\",\"description\":\"La premi\u00e8re plateforme de pronostics en entreprise int\u00e9gr\u00e9e dans Microsoft Teams\",\"publisher\":{\"@id\":\"https:\/\/winnerscore.co\/#organization\"},\"potentialAction\":[{\"@type\":\"SearchAction\",\"target\":{\"@type\":\"EntryPoint\",\"urlTemplate\":\"https:\/\/winnerscore.co\/?s={search_term_string}\"},\"query-input\":{\"@type\":\"PropertyValueSpecification\",\"valueRequired\":true,\"valueName\":\"search_term_string\"}}],\"inLanguage\":\"de\"},{\"@type\":\"Organization\",\"@id\":\"https:\/\/winnerscore.co\/#organization\",\"name\":\"Winnerscore\",\"url\":\"https:\/\/winnerscore.co\/\",\"logo\":{\"@type\":\"ImageObject\",\"inLanguage\":\"de\",\"@id\":\"https:\/\/winnerscore.co\/#\/schema\/logo\/image\/\",\"url\":\"https:\/\/winnerscore.co\/wp-content\/uploads\/2024\/02\/Calque_1.svg\",\"contentUrl\":\"https:\/\/winnerscore.co\/wp-content\/uploads\/2024\/02\/Calque_1.svg\",\"width\":245,\"height\":24,\"caption\":\"Winnerscore\"},\"image\":{\"@id\":\"https:\/\/winnerscore.co\/#\/schema\/logo\/image\/\"},\"sameAs\":[\"https:\/\/www.youtube.com\/@winnerscore\",\"https:\/\/www.linkedin.com\/company\/winnerscore\"]}]}<\/script>\n<!-- \/ Yoast SEO plugin. -->","yoast_head_json":{"title":"Rechtliche Hinweise - Winnerscore","robots":{"index":"index","follow":"follow","max-snippet":"max-snippet:-1","max-image-preview":"max-image-preview:large","max-video-preview":"max-video-preview:-1"},"canonical":"https:\/\/winnerscore.co\/de\/rechtliche-hinweise\/","og_locale":"de_DE","og_type":"article","og_title":"Rechtliche Hinweise - Winnerscore","og_description":"Rechtliche Hinweise Verantwortung f\u00fcr die Seite Name der Gesellschaft :&nbsp;COLLAB 365Dessen Hauptsitz sich befindet in &#8211; 2 Rue Averroes, 93000 Bobigny, FrankreichRegistriert: 840929384Unter Siret Nr. :&nbsp;84092938400013Website&nbsp;: https:\/\/winnerscore.co COLLAB 3652 Rue Averroes, 93000 Bobigny, Frankreich+33 6 74 84 24 94 Urheberrecht WINNERSCORE ist ein Dienst, der von der Firma COLLAB 365 SASU mit einem Kapital von [&hellip;]","og_url":"https:\/\/winnerscore.co\/de\/rechtliche-hinweise\/","og_site_name":"Winnerscore","article_modified_time":"2024-02-08T12:53:12+00:00","twitter_card":"summary_large_image","twitter_misc":{"Gesch\u00e4tzte Lesezeit":"2\u00a0Minuten"},"schema":{"@context":"https:\/\/schema.org","@graph":[{"@type":"WebPage","@id":"https:\/\/winnerscore.co\/de\/rechtliche-hinweise\/","url":"https:\/\/winnerscore.co\/de\/rechtliche-hinweise\/","name":"Rechtliche Hinweise - Winnerscore","isPartOf":{"@id":"https:\/\/winnerscore.co\/#website"},"datePublished":"2024-02-01T19:36:28+00:00","dateModified":"2024-02-08T12:53:12+00:00","breadcrumb":{"@id":"https:\/\/winnerscore.co\/de\/rechtliche-hinweise\/#breadcrumb"},"inLanguage":"de","potentialAction":[{"@type":"ReadAction","target":["https:\/\/winnerscore.co\/de\/rechtliche-hinweise\/"]}]},{"@type":"BreadcrumbList","@id":"https:\/\/winnerscore.co\/de\/rechtliche-hinweise\/#breadcrumb","itemListElement":[{"@type":"ListItem","position":1,"name":"Accueil","item":"https:\/\/winnerscore.co\/de\/startseite\/"},{"@type":"ListItem","position":2,"name":"Rechtliche Hinweise"}]},{"@type":"WebSite","@id":"https:\/\/winnerscore.co\/#website","url":"https:\/\/winnerscore.co\/","name":"Winnerscore","description":"La premi\u00e8re plateforme de pronostics en entreprise int\u00e9gr\u00e9e dans Microsoft Teams","publisher":{"@id":"https:\/\/winnerscore.co\/#organization"},"potentialAction":[{"@type":"SearchAction","target":{"@type":"EntryPoint","urlTemplate":"https:\/\/winnerscore.co\/?s={search_term_string}"},"query-input":{"@type":"PropertyValueSpecification","valueRequired":true,"valueName":"search_term_string"}}],"inLanguage":"de"},{"@type":"Organization","@id":"https:\/\/winnerscore.co\/#organization","name":"Winnerscore","url":"https:\/\/winnerscore.co\/","logo":{"@type":"ImageObject","inLanguage":"de","@id":"https:\/\/winnerscore.co\/#\/schema\/logo\/image\/","url":"https:\/\/winnerscore.co\/wp-content\/uploads\/2024\/02\/Calque_1.svg","contentUrl":"https:\/\/winnerscore.co\/wp-content\/uploads\/2024\/02\/Calque_1.svg","width":245,"height":24,"caption":"Winnerscore"},"image":{"@id":"https:\/\/winnerscore.co\/#\/schema\/logo\/image\/"},"sameAs":["https:\/\/www.youtube.com\/@winnerscore","https:\/\/www.linkedin.com\/company\/winnerscore"]}]}},"_links":{"self":[{"href":"https:\/\/winnerscore.co\/de\/wp-json\/wp\/v2\/pages\/937"}],"collection":[{"href":"https:\/\/winnerscore.co\/de\/wp-json\/wp\/v2\/pages"}],"about":[{"href":"https:\/\/winnerscore.co\/de\/wp-json\/wp\/v2\/types\/page"}],"author":[{"embeddable":true,"href":"https:\/\/winnerscore.co\/de\/wp-json\/wp\/v2\/users\/1"}],"replies":[{"embeddable":true,"href":"https:\/\/winnerscore.co\/de\/wp-json\/wp\/v2\/comments?post=937"}],"version-history":[{"count":4,"href":"https:\/\/winnerscore.co\/de\/wp-json\/wp\/v2\/pages\/937\/revisions"}],"predecessor-version":[{"id":962,"href":"https:\/\/winnerscore.co\/de\/wp-json\/wp\/v2\/pages\/937\/revisions\/962"}],"wp:attachment":[{"href":"https:\/\/winnerscore.co\/de\/wp-json\/wp\/v2\/media?parent=937"}],"curies":[{"name":"wp","href":"https:\/\/api.w.org\/{rel}","templated":true}]}}