{"id":941,"date":"2024-02-01T19:37:14","date_gmt":"2024-02-01T19:37:14","guid":{"rendered":"https:\/\/winnerscore.co\/datenschutzrichtlinie\/"},"modified":"2024-02-08T12:54:05","modified_gmt":"2024-02-08T12:54:05","slug":"datenschutzrichtlinie","status":"publish","type":"page","link":"https:\/\/winnerscore.co\/de\/datenschutzrichtlinie\/","title":{"rendered":"Datenschutzrichtlinie"},"content":{"rendered":"\t\t<div data-elementor-type=\"wp-page\" data-elementor-id=\"941\" class=\"elementor elementor-941 elementor-421\" data-elementor-post-type=\"page\">\n\t\t\t\t<div class=\"elementor-element elementor-element-0ec91bb e-flex e-con-boxed e-con e-parent\" data-id=\"0ec91bb\" data-element_type=\"container\">\n\t\t\t\t\t<div class=\"e-con-inner\">\n\t\t<div class=\"elementor-element elementor-element-6250b70 e-flex e-con-boxed e-con e-child\" data-id=\"6250b70\" data-element_type=\"container\">\n\t\t\t\t\t<div class=\"e-con-inner\">\n\t\t\t\t<div class=\"elementor-element elementor-element-9150e70 elementor-widget elementor-widget-heading\" data-id=\"9150e70\" data-element_type=\"widget\" data-widget_type=\"heading.default\">\n\t\t\t\t<div class=\"elementor-widget-container\">\n\t\t\t\t\t<h2 class=\"elementor-heading-title elementor-size-default\">Charta zum Schutz pers\u00f6nlicher Daten<\/h2>\t\t\t\t<\/div>\n\t\t\t\t<\/div>\n\t\t\t\t\t<\/div>\n\t\t\t\t<\/div>\n\t\t<div class=\"elementor-element elementor-element-c038d15 e-flex e-con-boxed e-con e-child\" data-id=\"c038d15\" data-element_type=\"container\">\n\t\t\t\t\t<div class=\"e-con-inner\">\n\t\t\t\t<div class=\"elementor-element elementor-element-9e21363 elementor-widget elementor-widget-text-editor\" data-id=\"9e21363\" data-element_type=\"widget\" data-widget_type=\"text-editor.default\">\n\t\t\t\t<div class=\"elementor-widget-container\">\n\t\t\t\t\t\t\t\t\t<div>\n<h3>Einf\u00fchrung<\/h3>\n<p>Diese Datenschutzrichtlinie informiert Sie \u00fcber die Verpflichtungen von WINNERSCORE&nbsp;, wenn pers\u00f6nliche Informationen \u00fcber Sie \u00fcber die Website gesammelt werden, und \u00fcber die Verwendung dieser Informationen durch WINNERSCORE&nbsp;.<\/p>\n<\/div>\n<div>\n<h2>Pers\u00f6nliche Daten, die \u00fcber unsere Websites gesammelt werden k\u00f6nnen<\/h2>\n<p>Sie k\u00f6nnen die WINNERSCORE-Websites besuchen, ohne dass Sie pers\u00f6nliche Daten \u00fcber sich selbst angeben m\u00fcssen.<\/p>\n<p>Um jedoch auf bestimmte auf den Sites verf\u00fcgbare Dienste zuzugreifen, wie z. B. das Herunterladen bestimmter Dokumente oder Formulare, oder um Informationen zu erhalten, einen Newsletter zu abonnieren oder im Rahmen einer anderen spezifischen Nutzung, kann WINNERSCORE&nbsp;Sie um pers\u00f6nliche Daten bitten. Die Angabe von pers\u00f6nlichen Daten in diesem Zusammenhang ist freiwillig. Wenn Sie diese nicht mitteilen m\u00f6chten, k\u00f6nnen Sie die auf der WINNERSCORE-Website verf\u00fcgbaren Dienste einfach nicht in Anspruch nehmen.<\/p>\n<p>Die personenbezogenen Daten, die auf den WINNERSCORE-Websites&nbsp;gesammelt werden, sind:<\/p>\n<ul role=\"list\">\n<li>Um uns \u00fcber die Website zu kontaktieren: pers\u00f6nliche Informationen wie Ihr Name, Ihre Adresse, Ihre E-Mail-Adresse, Ihre Funktion oder Ihre Telefonnummer.<\/li>\n<li>F\u00fcr die Bewerbung: Pers\u00f6nliche Informationen wie vollst\u00e4ndiger Name, E-Mail-Adresse, Lebenslauf oder ein Bewerbungsschreiben.<\/li>\n<li>Um sich auf unserer Website zu registrieren: pers\u00f6nliche Informationen wie Ihr Name und Ihre gesch\u00e4ftlichen Kontaktdaten sowie weitere Informationen zu Ihrer Anfrage, die mithilfe spezieller Formulare erfasst werden k\u00f6nnen.<\/li>\n<\/ul>\n<p>Die pers\u00f6nlichen Daten, die Sie angeben sollen, k\u00f6nnen freiwillig oder obligatorisch sein.<\/p>\n<\/div>\n<div>\n<h2>Wie Ihre pers\u00f6nlichen Daten verwendet werden<\/h2>\n<p>Ihre pers\u00f6nlichen Daten werden von WINNERSCORE&nbsp;nur dann verarbeitet, wenn die Verarbeitung f\u00fcr die Ausf\u00fchrung Ihrer Anfrage notwendig ist oder wenn Sie ausdr\u00fccklich zugestimmt haben.<\/p>\n<p>So werden Ihre pers\u00f6nlichen Daten verwendet, um :<\/p>\n<ul role=\"list\">\n<li>Kommunizieren: Ihren Anfragen nachgehen, auf Ihre Kommentare antworten, Ihnen die angeforderten Unterlagen per E-Mail zusenden.<\/li>\n<li>Rekrutierung: Verwendung Ihres Lebenslaufs oder Ihrer Online-Bewerbung zu Rekrutierungszwecken, d. h. wir k\u00f6nnen Sie per E-Mail, Telefon oder Post kontaktieren.<\/li>\n<li>Abonnieren: Um unsere Publikationen oder Newsletter zu erhalten oder sie von unserer Website herunterzuladen. Einige Daten k\u00f6nnen \u00fcber ein spezielles Formular f\u00fcr ein bestimmtes Ereignis angefordert werden. Wenn die Veranstaltung von Partnern abgedeckt wird, k\u00f6nnen die von Ihnen bereitgestellten Informationen von dieser Drittpartei gesammelt oder mit ihr geteilt werden. Es liegt dann in Ihrer Verantwortung, zu \u00fcberpr\u00fcfen, wie dieser Dritte Ihre Informationen verwendet. Wir werden Ihre Informationen f\u00fcr m\u00f6gliche zuk\u00fcnftige Interaktionen mit Ihnen aufbewahren.<\/li>\n<\/ul>\n<\/div>\n<div>\n<h2>Automatisch gesammelte nicht-personenbezogene Informationen<\/h2>\n<p><span style=\"color: var( --e-global-color-text ); font-family: var( --e-global-typography-text-font-family ), Sans-serif; font-size: var( --e-global-typography-text-font-size ); font-weight: var( --e-global-typography-text-font-weight ); text-align: var(--text-align);\">WINNERSCORE<\/span><span style=\"color: var( --e-global-color-text ); font-family: var( --e-global-typography-text-font-family ), Sans-serif; font-size: var( --e-global-typography-text-font-size ); font-weight: var( --e-global-typography-text-font-weight ); text-align: var(--text-align);\">&nbsp;<\/span>verpflichtet sich, die Identit\u00e4t der Besucher seiner Website vertraulich zu behandeln. WINNERSCORE&nbsp;kann Dritten Gesamtstatistiken \u00fcber die Besucher der Website, Profilanalysedaten und andere Informationen \u00fcber die Website zur Verf\u00fcgung stellen. Diese Statistiken enthalten keine pers\u00f6nlich identifizierbaren Informationen.<\/p>\n<\/div>\n<div>\n<h2>Sicherheit<\/h2>\n<p><span style=\"color: var( --e-global-color-text ); font-family: var( --e-global-typography-text-font-family ), Sans-serif; font-size: var( --e-global-typography-text-font-size ); font-weight: var( --e-global-typography-text-font-weight ); text-align: var(--text-align);\">WINNERSCORE<\/span><span style=\"color: var( --e-global-color-text ); font-family: var( --e-global-typography-text-font-family ), Sans-serif; font-size: var( --e-global-typography-text-font-size ); font-weight: var( --e-global-typography-text-font-weight ); text-align: var(--text-align);\">\n  &nbsp;\n<\/span>hat die erforderlichen technischen und organisatorischen Ma\u00dfnahmen ergriffen, um den unbefugten Zugriff, den Missbrauch, die Offenlegung, die unbefugte \u00c4nderung, die unrechtm\u00e4\u00dfige Zerst\u00f6rung oder den zuf\u00e4lligen Verlust Ihrer personenbezogenen Daten zu verhindern.<\/p>\n<p>Die Weitergabe pers\u00f6nlicher Daten (sei es direkt auf der Website, per Telefon oder \u00fcber das Internet) ist jedoch nie ohne Risiko, und elektronische Kommunikationssysteme k\u00f6nnen nicht vollst\u00e4ndig gegen &#8222;Sabotage&#8220; oder &#8222;Hacking&#8220; gesch\u00fctzt werden. Das Internet ist ein offenes und ungesichertes System und WINNERSCORE kann nicht f\u00fcr die Sicherheit der \u00dcbertragung pers\u00f6nlicher Daten verantwortlich gemacht werden.<\/p>\n<\/div>\n<div>\n<h2>Dauer der Speicherung von pers\u00f6nlichen Informationen<\/h2>\n<p><span style=\"color: var( --e-global-color-text ); font-family: var( --e-global-typography-text-font-family ), Sans-serif; font-size: var( --e-global-typography-text-font-size ); font-weight: var( --e-global-typography-text-font-weight ); text-align: var(--text-align);\">WINNERSCORE<\/span><span style=\"color: var( --e-global-color-text ); font-family: var( --e-global-typography-text-font-family ), Sans-serif; font-size: var( --e-global-typography-text-font-size ); font-weight: var( --e-global-typography-text-font-weight ); text-align: var(--text-align);\">\n  &nbsp;\n<\/span>speichert Ihre pers\u00f6nlichen Daten nur in dem Ma\u00dfe, wie es f\u00fcr den Zweck der Verarbeitung erforderlich ist :<\/p>\n<ul role=\"list\">\n<li>F\u00fcr alle Gesch\u00e4fts- und Marketinganfragen: Diese Daten werden f\u00fcr maximal 3 Jahre ab dem letzten Kontakt aufbewahrt.<\/li>\n<li>Bei Anfragen zur Personalbeschaffung: Diese Daten werden f\u00fcr maximal 2 Jahre ab dem Datum unseres letzten Kontakts gespeichert.<\/li>\n<li>Wenn die von uns gesammelten personenbezogenen Daten nicht mehr ben\u00f6tigt werden, vernichtet oder l\u00f6scht WINNERSCORE&nbsp;sie auf sichere Weise.<\/li>\n<\/ul>\n<\/div>\n<div>\n<h2>An wen Ihre personenbezogenen Daten gerichtet sind<\/h2>\n<p>Ihre \u00fcber die Website gesammelten pers\u00f6nlichen Daten sind ausschlie\u00dflich f\u00fcr die Verwendung durch WINNERSCORE&nbsp;zur Bearbeitung Ihrer Anfrage bestimmt und werden in dem Ma\u00dfe verwendet, wie es f\u00fcr die in dieser Charta genannten Zwecke erforderlich ist.<\/p>\n<p><span style=\"color: var( --e-global-color-text ); font-family: var( --e-global-typography-text-font-family ), Sans-serif; font-size: var( --e-global-typography-text-font-size ); font-weight: var( --e-global-typography-text-font-weight ); text-align: var(--text-align);\">WINNERSCORE<\/span><span style=\"color: var( --e-global-color-text ); font-family: var( --e-global-typography-text-font-family ), Sans-serif; font-size: var( --e-global-typography-text-font-size ); font-weight: var( --e-global-typography-text-font-weight ); text-align: var(--text-align);\">\n  &nbsp;\n<\/span>verkauft Ihre pers\u00f6nlichen Daten nicht und gibt sie nicht an Dritte weiter.<\/p>\n<\/div>\n<div>\n<h2>Wie Sie Ihre Rechte aus\u00fcben k\u00f6nnen<\/h2>\n<p>Sie haben das Recht, jederzeit auf Ihre pers\u00f6nlichen Daten zuzugreifen. Sie haben au\u00dferdem das Recht, Berichtigung und L\u00f6schung zu verlangen, das Recht auf Einschr\u00e4nkung und Widerspruch gegen die Verarbeitung und das Recht auf \u00dcbertragbarkeit unter den Bedingungen, die in den geltenden Vorschriften festgelegt sind.<\/p>\n<p>Wenn Sie Fragen zu den Datenschutzrichtlinien haben oder Ihre Rechte aus\u00fcben m\u00f6chten, kontaktieren Sie uns bitte unter contact@winnerscore.co. Schlie\u00dflich haben Sie das Recht, eine Beschwerde bei der Commission Nationale de l&#8217;Informatique et des Libert\u00e9s (CNIL), der Aufsichtsbeh\u00f6rde, die f\u00fcr die Einhaltung der Verpflichtungen im Zusammenhang mit personenbezogenen Daten zust\u00e4ndig ist, einzureichen.<\/p>\n<\/div>\n<div>\n<h2>\u00c4nderungen<\/h2>\n<p><span style=\"color: var( --e-global-color-text ); font-family: var( --e-global-typography-text-font-family ), Sans-serif; font-size: var( --e-global-typography-text-font-size ); font-weight: var( --e-global-typography-text-font-weight ); text-align: var(--text-align);\">WINNERSCORE<\/span><span style=\"color: var( --e-global-color-text ); font-family: var( --e-global-typography-text-font-family ), Sans-serif; font-size: var( --e-global-typography-text-font-size ); font-weight: var( --e-global-typography-text-font-weight ); text-align: var(--text-align);\">&nbsp;<\/span>beh\u00e4lt sich das Recht vor, diese Datenschutzrichtlinie zu \u00e4ndern sowie den Zugang zu dieser Website zu modifizieren oder zu sperren. WINNERSCORE&nbsp;kann au\u00dferdem seinen Inhalt jederzeit mit oder ohne Vorank\u00fcndigung \u00e4ndern.<\/p>\n<\/div>\t\t\t\t\t\t\t\t<\/div>\n\t\t\t\t<\/div>\n\t\t\t\t\t<\/div>\n\t\t\t\t<\/div>\n\t\t\t\t\t<\/div>\n\t\t\t\t<\/div>\n\t\t\t\t<\/div>\n\t\t","protected":false},"excerpt":{"rendered":"<p>Charta zum Schutz pers\u00f6nlicher Daten Einf\u00fchrung Diese Datenschutzrichtlinie informiert Sie \u00fcber die Verpflichtungen von WINNERSCORE&nbsp;, wenn pers\u00f6nliche Informationen \u00fcber Sie \u00fcber die Website gesammelt werden, und \u00fcber die Verwendung dieser Informationen durch WINNERSCORE&nbsp;. Pers\u00f6nliche Daten, die \u00fcber unsere Websites gesammelt werden k\u00f6nnen Sie k\u00f6nnen die WINNERSCORE-Websites besuchen, ohne dass Sie pers\u00f6nliche Daten \u00fcber sich selbst [&hellip;]<\/p>\n","protected":false},"author":1,"featured_media":0,"parent":0,"menu_order":0,"comment_status":"closed","ping_status":"closed","template":"","meta":{"footnotes":""},"yoast_head":"<!-- This site is optimized with the Yoast SEO plugin v24.5 - https:\/\/yoast.com\/wordpress\/plugins\/seo\/ -->\n<title>Datenschutzrichtlinie - Winnerscore<\/title>\n<meta name=\"robots\" content=\"index, follow, max-snippet:-1, max-image-preview:large, max-video-preview:-1\" \/>\n<link rel=\"canonical\" href=\"https:\/\/winnerscore.co\/de\/datenschutzrichtlinie\/\" \/>\n<meta property=\"og:locale\" content=\"de_DE\" \/>\n<meta property=\"og:type\" content=\"article\" \/>\n<meta property=\"og:title\" content=\"Datenschutzrichtlinie - Winnerscore\" \/>\n<meta property=\"og:description\" content=\"Charta zum Schutz pers\u00f6nlicher Daten Einf\u00fchrung Diese Datenschutzrichtlinie informiert Sie \u00fcber die Verpflichtungen von WINNERSCORE&nbsp;, wenn pers\u00f6nliche Informationen \u00fcber Sie \u00fcber die Website gesammelt werden, und \u00fcber die Verwendung dieser Informationen durch WINNERSCORE&nbsp;. Pers\u00f6nliche Daten, die \u00fcber unsere Websites gesammelt werden k\u00f6nnen Sie k\u00f6nnen die WINNERSCORE-Websites besuchen, ohne dass Sie pers\u00f6nliche Daten \u00fcber sich selbst [&hellip;]\" \/>\n<meta property=\"og:url\" content=\"https:\/\/winnerscore.co\/de\/datenschutzrichtlinie\/\" \/>\n<meta property=\"og:site_name\" content=\"Winnerscore\" \/>\n<meta property=\"article:modified_time\" content=\"2024-02-08T12:54:05+00:00\" \/>\n<meta name=\"twitter:card\" content=\"summary_large_image\" \/>\n<meta name=\"twitter:label1\" content=\"Gesch\u00e4tzte Lesezeit\" \/>\n\t<meta name=\"twitter:data1\" content=\"4\u00a0Minuten\" \/>\n<script type=\"application\/ld+json\" class=\"yoast-schema-graph\">{\"@context\":\"https:\/\/schema.org\",\"@graph\":[{\"@type\":\"WebPage\",\"@id\":\"https:\/\/winnerscore.co\/de\/datenschutzrichtlinie\/\",\"url\":\"https:\/\/winnerscore.co\/de\/datenschutzrichtlinie\/\",\"name\":\"Datenschutzrichtlinie - Winnerscore\",\"isPartOf\":{\"@id\":\"https:\/\/winnerscore.co\/#website\"},\"datePublished\":\"2024-02-01T19:37:14+00:00\",\"dateModified\":\"2024-02-08T12:54:05+00:00\",\"breadcrumb\":{\"@id\":\"https:\/\/winnerscore.co\/de\/datenschutzrichtlinie\/#breadcrumb\"},\"inLanguage\":\"de\",\"potentialAction\":[{\"@type\":\"ReadAction\",\"target\":[\"https:\/\/winnerscore.co\/de\/datenschutzrichtlinie\/\"]}]},{\"@type\":\"BreadcrumbList\",\"@id\":\"https:\/\/winnerscore.co\/de\/datenschutzrichtlinie\/#breadcrumb\",\"itemListElement\":[{\"@type\":\"ListItem\",\"position\":1,\"name\":\"Accueil\",\"item\":\"https:\/\/winnerscore.co\/de\/startseite\/\"},{\"@type\":\"ListItem\",\"position\":2,\"name\":\"Datenschutzrichtlinie\"}]},{\"@type\":\"WebSite\",\"@id\":\"https:\/\/winnerscore.co\/#website\",\"url\":\"https:\/\/winnerscore.co\/\",\"name\":\"Winnerscore\",\"description\":\"La premi\u00e8re plateforme de pronostics en entreprise int\u00e9gr\u00e9e dans Microsoft Teams\",\"publisher\":{\"@id\":\"https:\/\/winnerscore.co\/#organization\"},\"potentialAction\":[{\"@type\":\"SearchAction\",\"target\":{\"@type\":\"EntryPoint\",\"urlTemplate\":\"https:\/\/winnerscore.co\/?s={search_term_string}\"},\"query-input\":{\"@type\":\"PropertyValueSpecification\",\"valueRequired\":true,\"valueName\":\"search_term_string\"}}],\"inLanguage\":\"de\"},{\"@type\":\"Organization\",\"@id\":\"https:\/\/winnerscore.co\/#organization\",\"name\":\"Winnerscore\",\"url\":\"https:\/\/winnerscore.co\/\",\"logo\":{\"@type\":\"ImageObject\",\"inLanguage\":\"de\",\"@id\":\"https:\/\/winnerscore.co\/#\/schema\/logo\/image\/\",\"url\":\"https:\/\/winnerscore.co\/wp-content\/uploads\/2024\/02\/Calque_1.svg\",\"contentUrl\":\"https:\/\/winnerscore.co\/wp-content\/uploads\/2024\/02\/Calque_1.svg\",\"width\":245,\"height\":24,\"caption\":\"Winnerscore\"},\"image\":{\"@id\":\"https:\/\/winnerscore.co\/#\/schema\/logo\/image\/\"},\"sameAs\":[\"https:\/\/www.youtube.com\/@winnerscore\",\"https:\/\/www.linkedin.com\/company\/winnerscore\"]}]}<\/script>\n<!-- \/ Yoast SEO plugin. -->","yoast_head_json":{"title":"Datenschutzrichtlinie - Winnerscore","robots":{"index":"index","follow":"follow","max-snippet":"max-snippet:-1","max-image-preview":"max-image-preview:large","max-video-preview":"max-video-preview:-1"},"canonical":"https:\/\/winnerscore.co\/de\/datenschutzrichtlinie\/","og_locale":"de_DE","og_type":"article","og_title":"Datenschutzrichtlinie - Winnerscore","og_description":"Charta zum Schutz pers\u00f6nlicher Daten Einf\u00fchrung Diese Datenschutzrichtlinie informiert Sie \u00fcber die Verpflichtungen von WINNERSCORE&nbsp;, wenn pers\u00f6nliche Informationen \u00fcber Sie \u00fcber die Website gesammelt werden, und \u00fcber die Verwendung dieser Informationen durch WINNERSCORE&nbsp;. Pers\u00f6nliche Daten, die \u00fcber unsere Websites gesammelt werden k\u00f6nnen Sie k\u00f6nnen die WINNERSCORE-Websites besuchen, ohne dass Sie pers\u00f6nliche Daten \u00fcber sich selbst [&hellip;]","og_url":"https:\/\/winnerscore.co\/de\/datenschutzrichtlinie\/","og_site_name":"Winnerscore","article_modified_time":"2024-02-08T12:54:05+00:00","twitter_card":"summary_large_image","twitter_misc":{"Gesch\u00e4tzte Lesezeit":"4\u00a0Minuten"},"schema":{"@context":"https:\/\/schema.org","@graph":[{"@type":"WebPage","@id":"https:\/\/winnerscore.co\/de\/datenschutzrichtlinie\/","url":"https:\/\/winnerscore.co\/de\/datenschutzrichtlinie\/","name":"Datenschutzrichtlinie - Winnerscore","isPartOf":{"@id":"https:\/\/winnerscore.co\/#website"},"datePublished":"2024-02-01T19:37:14+00:00","dateModified":"2024-02-08T12:54:05+00:00","breadcrumb":{"@id":"https:\/\/winnerscore.co\/de\/datenschutzrichtlinie\/#breadcrumb"},"inLanguage":"de","potentialAction":[{"@type":"ReadAction","target":["https:\/\/winnerscore.co\/de\/datenschutzrichtlinie\/"]}]},{"@type":"BreadcrumbList","@id":"https:\/\/winnerscore.co\/de\/datenschutzrichtlinie\/#breadcrumb","itemListElement":[{"@type":"ListItem","position":1,"name":"Accueil","item":"https:\/\/winnerscore.co\/de\/startseite\/"},{"@type":"ListItem","position":2,"name":"Datenschutzrichtlinie"}]},{"@type":"WebSite","@id":"https:\/\/winnerscore.co\/#website","url":"https:\/\/winnerscore.co\/","name":"Winnerscore","description":"La premi\u00e8re plateforme de pronostics en entreprise int\u00e9gr\u00e9e dans Microsoft Teams","publisher":{"@id":"https:\/\/winnerscore.co\/#organization"},"potentialAction":[{"@type":"SearchAction","target":{"@type":"EntryPoint","urlTemplate":"https:\/\/winnerscore.co\/?s={search_term_string}"},"query-input":{"@type":"PropertyValueSpecification","valueRequired":true,"valueName":"search_term_string"}}],"inLanguage":"de"},{"@type":"Organization","@id":"https:\/\/winnerscore.co\/#organization","name":"Winnerscore","url":"https:\/\/winnerscore.co\/","logo":{"@type":"ImageObject","inLanguage":"de","@id":"https:\/\/winnerscore.co\/#\/schema\/logo\/image\/","url":"https:\/\/winnerscore.co\/wp-content\/uploads\/2024\/02\/Calque_1.svg","contentUrl":"https:\/\/winnerscore.co\/wp-content\/uploads\/2024\/02\/Calque_1.svg","width":245,"height":24,"caption":"Winnerscore"},"image":{"@id":"https:\/\/winnerscore.co\/#\/schema\/logo\/image\/"},"sameAs":["https:\/\/www.youtube.com\/@winnerscore","https:\/\/www.linkedin.com\/company\/winnerscore"]}]}},"_links":{"self":[{"href":"https:\/\/winnerscore.co\/de\/wp-json\/wp\/v2\/pages\/941"}],"collection":[{"href":"https:\/\/winnerscore.co\/de\/wp-json\/wp\/v2\/pages"}],"about":[{"href":"https:\/\/winnerscore.co\/de\/wp-json\/wp\/v2\/types\/page"}],"author":[{"embeddable":true,"href":"https:\/\/winnerscore.co\/de\/wp-json\/wp\/v2\/users\/1"}],"replies":[{"embeddable":true,"href":"https:\/\/winnerscore.co\/de\/wp-json\/wp\/v2\/comments?post=941"}],"version-history":[{"count":4,"href":"https:\/\/winnerscore.co\/de\/wp-json\/wp\/v2\/pages\/941\/revisions"}],"predecessor-version":[{"id":972,"href":"https:\/\/winnerscore.co\/de\/wp-json\/wp\/v2\/pages\/941\/revisions\/972"}],"wp:attachment":[{"href":"https:\/\/winnerscore.co\/de\/wp-json\/wp\/v2\/media?parent=941"}],"curies":[{"name":"wp","href":"https:\/\/api.w.org\/{rel}","templated":true}]}}