{"id":944,"date":"2024-02-01T19:37:31","date_gmt":"2024-02-01T19:37:31","guid":{"rendered":"https:\/\/winnerscore.co\/cookie-richtlinie\/"},"modified":"2024-02-08T12:54:05","modified_gmt":"2024-02-08T12:54:05","slug":"cookie-richtlinie","status":"publish","type":"page","link":"https:\/\/winnerscore.co\/de\/cookie-richtlinie\/","title":{"rendered":"Cookie-Richtlinie"},"content":{"rendered":"\t\t<div data-elementor-type=\"wp-page\" data-elementor-id=\"944\" class=\"elementor elementor-944 elementor-423\" data-elementor-post-type=\"page\">\n\t\t\t\t<div class=\"elementor-element elementor-element-74c5d41 e-flex e-con-boxed e-con e-parent\" data-id=\"74c5d41\" data-element_type=\"container\">\n\t\t\t\t\t<div class=\"e-con-inner\">\n\t\t<div class=\"elementor-element elementor-element-4901296 e-flex e-con-boxed e-con e-child\" data-id=\"4901296\" data-element_type=\"container\">\n\t\t\t\t\t<div class=\"e-con-inner\">\n\t\t\t\t<div class=\"elementor-element elementor-element-4546ffb elementor-widget elementor-widget-heading\" data-id=\"4546ffb\" data-element_type=\"widget\" data-widget_type=\"heading.default\">\n\t\t\t\t<div class=\"elementor-widget-container\">\n\t\t\t\t\t<h1 class=\"elementor-heading-title elementor-size-default\">Cookie-Richtlinie<\/h1>\t\t\t\t<\/div>\n\t\t\t\t<\/div>\n\t\t\t\t\t<\/div>\n\t\t\t\t<\/div>\n\t\t<div class=\"elementor-element elementor-element-d6f3ecd e-flex e-con-boxed e-con e-child\" data-id=\"d6f3ecd\" data-element_type=\"container\">\n\t\t\t\t\t<div class=\"e-con-inner\">\n\t\t\t\t<div class=\"elementor-element elementor-element-27c53af elementor-widget elementor-widget-text-editor\" data-id=\"27c53af\" data-element_type=\"widget\" data-widget_type=\"text-editor.default\">\n\t\t\t\t<div class=\"elementor-widget-container\">\n\t\t\t\t\t\t\t\t\t<div>\n<h3>Was ist ein Cookie?<\/h3>\n<p>Ein Cookie ist eine kleine Textdatei, die auf Ihrem Computer, Tablet oder Telefon gespeichert wird, wenn Sie die WINNERSCORE-Website nutzen. Es erm\u00f6glicht unserer Website, Sie zu erkennen, Ihre Pr\u00e4ferenzen zu speichern und zu verstehen, wie Sie unsere Dienste nutzen.<\/p>\n<\/div>\n<div>\n<h3>Wie werden sie verwendet?<\/h3>\n<p>Unbedingt erforderliche Cookies sind f\u00fcr die Navigation auf der Website unerl\u00e4sslich und k\u00f6nnen nicht deaktiviert werden.<\/p>\n<ul role=\"list\">\n<li>Funktionale Cookies erm\u00f6glichen es uns, Sie zu erkennen und Ihnen Inhalte bereitzustellen, die auf Ihre Vorlieben zugeschnitten sind.<\/li>\n<li>Mithilfe von Analyse-Cookies k\u00f6nnen wir anonym Informationen dar\u00fcber sammeln, wie Besucher unsere Website nutzen.<\/li>\n<li>Marketing- und Webanalyse-Cookies zeichnen Informationen \u00fcber Surfgewohnheiten auf, um die Werbung an Ihre Interessen anzupassen.<\/li>\n<\/ul>\n<\/div>\n<div>\n<h3>Welche Informationen werden von Cookies gespeichert?<\/h3>\n<p>Ein Cookie kann im Allgemeinen die folgenden Informationen enthalten:<\/p>\n<ul role=\"list\">\n<li>Name der Website.<\/li>\n<li>Die Dauer, die das Cookie auf Ihrem Ger\u00e4t gespeichert wird.<\/li>\n<li>Ihre Surfgewohnheiten im Internet (einschlie\u00dflich Ihrer IP-Adresse).<\/li>\n<li>Die technischen Spezifikationen Ihres Ger\u00e4ts und ein Wert (normalerweise eine zuf\u00e4llig erzeugte, einmalige Nummer).<\/li>\n<\/ul>\n<\/div>\n<div>\n<h3>Wie werden meine Cookies verwaltet?<\/h3>\n<p>Es gibt zum einen Sitzungscookies und zum anderen dauerhafte Cookies.<\/p>\n<p>Sitzungs-Cookies: Sie werden f\u00fcr die Dauer Ihrer Internetsitzung auf Ihrem Ger\u00e4t gespeichert. Wenn Sie Ihre Sitzung beenden und Ihren Browser schlie\u00dfen, werden sie automatisch gel\u00f6scht.<\/p>\n<p>Dauerhafte Cookies : Sie werden f\u00fcr maximal 13 Monate auf Ihrem Ger\u00e4t gespeichert. Sie k\u00f6nnen sie auch \u00fcber unser Tool zur Verwaltung von Cookies oder direkt \u00fcber Ihren Browser l\u00f6schen.<\/p>\n<p>Bitte finden Sie die verschiedenen Support-Links entsprechend Ihrem Webbrowser :<\/p>\n<ul role=\"list\">\n<li>Chrome: https:&nbsp; \/\/support<a href=\"https:\/\/support.google.com\/chrome\/answer\/95647?hl=fr&amp;hlrm=en\" target=\"_blank\" rel=\"noopener\">.google.com\/chrome\/answer\/95647?hl=de&amp;hlrm=en<\/a><\/li>\n<li>Internet Explorer: https:&nbsp; \/\/support<a href=\"https:\/\/support.microsoft.com\/fr-fr\/help\/17442\/windows-internet-explorer-delete-manage-cookies\" target=\"_blank\" rel=\"noopener\">.microsoft.com\/de-de\/help\/17442\/windows-internet-explorer-delete-manage-cookies<\/a>&nbsp;&nbsp;<\/li>\n<li>Safari: https:&nbsp; \/\/support<a href=\"https:\/\/support.apple.com\/fr-fr\/guide\/safari\/sfri11471\/mac\" target=\"_blank\" rel=\"noopener\">.apple.com\/de-de\/guide\/safari\/sfri11471\/mac<\/a><\/li>\n<li>Firefox: http:&nbsp; \/\/support<a href=\"http:\/\/support.mozilla.org\/fr\/kb\/cookies-informations-sites-enregistrent?redirectlocale=fr&amp;redirectslug=G%C3%A9rer+les+cookies\" target=\"_blank\" rel=\"noopener\">.mozilla.org\/de\/kb\/cookies-informationen-zu-registrierenden-seiten?redirectctlocale=de&amp;redirectslug=G%C3%A9rer+the+cookies<\/a><\/li>\n<li>Opera: http:&nbsp; \/\/help<a href=\"https:\/\/help.opera.com\/en\/latest\/web-preferences\/\" target=\"_blank\" rel=\"noopener\">.opera.com\/Windows\/10.20\/de\/cookies.html<\/a><\/li>\n<\/ul>\n<p><span style=\"color: var( --e-global-color-text ); font-family: var( --e-global-typography-text-font-family ), Sans-serif; font-size: var( --e-global-typography-text-font-size ); font-weight: var( --e-global-typography-text-font-weight ); text-align: var(--text-align);\"><br><\/span><\/p><p><span style=\"color: var( --e-global-color-text ); font-family: var( --e-global-typography-text-font-family ), Sans-serif; font-size: var( --e-global-typography-text-font-size ); font-weight: var( --e-global-typography-text-font-weight ); text-align: var(--text-align);\">Wenn Sie Informationen \u00fcber verhaltensorientierte Werbung und Online-Datenschutz erhalten m\u00f6chten, besuchen Sie bitte die folgenden Links:&nbsp;&nbsp;<\/span><br><\/p>\n<ul role=\"list\">\n<li>YourOnlineChoices: http:&nbsp; \/\/www.youronlinechoices.com\/fr\/<\/li>\n<li>Google-Richtlinien: https:&nbsp; \/\/policies<a href=\"https:\/\/policies.google.com\/technologies\/partner-sites\" target=\"_blank\" rel=\"noopener\">.google.com\/technologies\/partner-sites<\/a><\/li>\n<\/ul>\n<\/div>\t\t\t\t\t\t\t\t<\/div>\n\t\t\t\t<\/div>\n\t\t\t\t\t<\/div>\n\t\t\t\t<\/div>\n\t\t\t\t\t<\/div>\n\t\t\t\t<\/div>\n\t\t\t\t<\/div>\n\t\t","protected":false},"excerpt":{"rendered":"<p>Cookie-Richtlinie Was ist ein Cookie? Ein Cookie ist eine kleine Textdatei, die auf Ihrem Computer, Tablet oder Telefon gespeichert wird, wenn Sie die WINNERSCORE-Website nutzen. Es erm\u00f6glicht unserer Website, Sie zu erkennen, Ihre Pr\u00e4ferenzen zu speichern und zu verstehen, wie Sie unsere Dienste nutzen. Wie werden sie verwendet? Unbedingt erforderliche Cookies sind f\u00fcr die Navigation [&hellip;]<\/p>\n","protected":false},"author":1,"featured_media":0,"parent":0,"menu_order":0,"comment_status":"closed","ping_status":"closed","template":"","meta":{"footnotes":""},"yoast_head":"<!-- This site is optimized with the Yoast SEO plugin v24.5 - https:\/\/yoast.com\/wordpress\/plugins\/seo\/ -->\n<title>Cookie-Richtlinie - Winnerscore<\/title>\n<meta name=\"robots\" content=\"index, follow, max-snippet:-1, max-image-preview:large, max-video-preview:-1\" \/>\n<link rel=\"canonical\" href=\"https:\/\/winnerscore.co\/de\/cookie-richtlinie\/\" \/>\n<meta property=\"og:locale\" content=\"de_DE\" \/>\n<meta property=\"og:type\" content=\"article\" \/>\n<meta property=\"og:title\" content=\"Cookie-Richtlinie - Winnerscore\" \/>\n<meta property=\"og:description\" content=\"Cookie-Richtlinie Was ist ein Cookie? Ein Cookie ist eine kleine Textdatei, die auf Ihrem Computer, Tablet oder Telefon gespeichert wird, wenn Sie die WINNERSCORE-Website nutzen. Es erm\u00f6glicht unserer Website, Sie zu erkennen, Ihre Pr\u00e4ferenzen zu speichern und zu verstehen, wie Sie unsere Dienste nutzen. Wie werden sie verwendet? Unbedingt erforderliche Cookies sind f\u00fcr die Navigation [&hellip;]\" \/>\n<meta property=\"og:url\" content=\"https:\/\/winnerscore.co\/de\/cookie-richtlinie\/\" \/>\n<meta property=\"og:site_name\" content=\"Winnerscore\" \/>\n<meta property=\"article:modified_time\" content=\"2024-02-08T12:54:05+00:00\" \/>\n<meta name=\"twitter:card\" content=\"summary_large_image\" \/>\n<meta name=\"twitter:label1\" content=\"Gesch\u00e4tzte Lesezeit\" \/>\n\t<meta name=\"twitter:data1\" content=\"2\u00a0Minuten\" \/>\n<script type=\"application\/ld+json\" class=\"yoast-schema-graph\">{\"@context\":\"https:\/\/schema.org\",\"@graph\":[{\"@type\":\"WebPage\",\"@id\":\"https:\/\/winnerscore.co\/de\/cookie-richtlinie\/\",\"url\":\"https:\/\/winnerscore.co\/de\/cookie-richtlinie\/\",\"name\":\"Cookie-Richtlinie - Winnerscore\",\"isPartOf\":{\"@id\":\"https:\/\/winnerscore.co\/#website\"},\"datePublished\":\"2024-02-01T19:37:31+00:00\",\"dateModified\":\"2024-02-08T12:54:05+00:00\",\"breadcrumb\":{\"@id\":\"https:\/\/winnerscore.co\/de\/cookie-richtlinie\/#breadcrumb\"},\"inLanguage\":\"de\",\"potentialAction\":[{\"@type\":\"ReadAction\",\"target\":[\"https:\/\/winnerscore.co\/de\/cookie-richtlinie\/\"]}]},{\"@type\":\"BreadcrumbList\",\"@id\":\"https:\/\/winnerscore.co\/de\/cookie-richtlinie\/#breadcrumb\",\"itemListElement\":[{\"@type\":\"ListItem\",\"position\":1,\"name\":\"Accueil\",\"item\":\"https:\/\/winnerscore.co\/de\/startseite\/\"},{\"@type\":\"ListItem\",\"position\":2,\"name\":\"Cookie-Richtlinie\"}]},{\"@type\":\"WebSite\",\"@id\":\"https:\/\/winnerscore.co\/#website\",\"url\":\"https:\/\/winnerscore.co\/\",\"name\":\"Winnerscore\",\"description\":\"La premi\u00e8re plateforme de pronostics en entreprise int\u00e9gr\u00e9e dans Microsoft Teams\",\"publisher\":{\"@id\":\"https:\/\/winnerscore.co\/#organization\"},\"potentialAction\":[{\"@type\":\"SearchAction\",\"target\":{\"@type\":\"EntryPoint\",\"urlTemplate\":\"https:\/\/winnerscore.co\/?s={search_term_string}\"},\"query-input\":{\"@type\":\"PropertyValueSpecification\",\"valueRequired\":true,\"valueName\":\"search_term_string\"}}],\"inLanguage\":\"de\"},{\"@type\":\"Organization\",\"@id\":\"https:\/\/winnerscore.co\/#organization\",\"name\":\"Winnerscore\",\"url\":\"https:\/\/winnerscore.co\/\",\"logo\":{\"@type\":\"ImageObject\",\"inLanguage\":\"de\",\"@id\":\"https:\/\/winnerscore.co\/#\/schema\/logo\/image\/\",\"url\":\"https:\/\/winnerscore.co\/wp-content\/uploads\/2024\/02\/Calque_1.svg\",\"contentUrl\":\"https:\/\/winnerscore.co\/wp-content\/uploads\/2024\/02\/Calque_1.svg\",\"width\":245,\"height\":24,\"caption\":\"Winnerscore\"},\"image\":{\"@id\":\"https:\/\/winnerscore.co\/#\/schema\/logo\/image\/\"},\"sameAs\":[\"https:\/\/www.youtube.com\/@winnerscore\",\"https:\/\/www.linkedin.com\/company\/winnerscore\"]}]}<\/script>\n<!-- \/ Yoast SEO plugin. -->","yoast_head_json":{"title":"Cookie-Richtlinie - Winnerscore","robots":{"index":"index","follow":"follow","max-snippet":"max-snippet:-1","max-image-preview":"max-image-preview:large","max-video-preview":"max-video-preview:-1"},"canonical":"https:\/\/winnerscore.co\/de\/cookie-richtlinie\/","og_locale":"de_DE","og_type":"article","og_title":"Cookie-Richtlinie - Winnerscore","og_description":"Cookie-Richtlinie Was ist ein Cookie? Ein Cookie ist eine kleine Textdatei, die auf Ihrem Computer, Tablet oder Telefon gespeichert wird, wenn Sie die WINNERSCORE-Website nutzen. Es erm\u00f6glicht unserer Website, Sie zu erkennen, Ihre Pr\u00e4ferenzen zu speichern und zu verstehen, wie Sie unsere Dienste nutzen. Wie werden sie verwendet? Unbedingt erforderliche Cookies sind f\u00fcr die Navigation [&hellip;]","og_url":"https:\/\/winnerscore.co\/de\/cookie-richtlinie\/","og_site_name":"Winnerscore","article_modified_time":"2024-02-08T12:54:05+00:00","twitter_card":"summary_large_image","twitter_misc":{"Gesch\u00e4tzte Lesezeit":"2\u00a0Minuten"},"schema":{"@context":"https:\/\/schema.org","@graph":[{"@type":"WebPage","@id":"https:\/\/winnerscore.co\/de\/cookie-richtlinie\/","url":"https:\/\/winnerscore.co\/de\/cookie-richtlinie\/","name":"Cookie-Richtlinie - Winnerscore","isPartOf":{"@id":"https:\/\/winnerscore.co\/#website"},"datePublished":"2024-02-01T19:37:31+00:00","dateModified":"2024-02-08T12:54:05+00:00","breadcrumb":{"@id":"https:\/\/winnerscore.co\/de\/cookie-richtlinie\/#breadcrumb"},"inLanguage":"de","potentialAction":[{"@type":"ReadAction","target":["https:\/\/winnerscore.co\/de\/cookie-richtlinie\/"]}]},{"@type":"BreadcrumbList","@id":"https:\/\/winnerscore.co\/de\/cookie-richtlinie\/#breadcrumb","itemListElement":[{"@type":"ListItem","position":1,"name":"Accueil","item":"https:\/\/winnerscore.co\/de\/startseite\/"},{"@type":"ListItem","position":2,"name":"Cookie-Richtlinie"}]},{"@type":"WebSite","@id":"https:\/\/winnerscore.co\/#website","url":"https:\/\/winnerscore.co\/","name":"Winnerscore","description":"La premi\u00e8re plateforme de pronostics en entreprise int\u00e9gr\u00e9e dans Microsoft Teams","publisher":{"@id":"https:\/\/winnerscore.co\/#organization"},"potentialAction":[{"@type":"SearchAction","target":{"@type":"EntryPoint","urlTemplate":"https:\/\/winnerscore.co\/?s={search_term_string}"},"query-input":{"@type":"PropertyValueSpecification","valueRequired":true,"valueName":"search_term_string"}}],"inLanguage":"de"},{"@type":"Organization","@id":"https:\/\/winnerscore.co\/#organization","name":"Winnerscore","url":"https:\/\/winnerscore.co\/","logo":{"@type":"ImageObject","inLanguage":"de","@id":"https:\/\/winnerscore.co\/#\/schema\/logo\/image\/","url":"https:\/\/winnerscore.co\/wp-content\/uploads\/2024\/02\/Calque_1.svg","contentUrl":"https:\/\/winnerscore.co\/wp-content\/uploads\/2024\/02\/Calque_1.svg","width":245,"height":24,"caption":"Winnerscore"},"image":{"@id":"https:\/\/winnerscore.co\/#\/schema\/logo\/image\/"},"sameAs":["https:\/\/www.youtube.com\/@winnerscore","https:\/\/www.linkedin.com\/company\/winnerscore"]}]}},"_links":{"self":[{"href":"https:\/\/winnerscore.co\/de\/wp-json\/wp\/v2\/pages\/944"}],"collection":[{"href":"https:\/\/winnerscore.co\/de\/wp-json\/wp\/v2\/pages"}],"about":[{"href":"https:\/\/winnerscore.co\/de\/wp-json\/wp\/v2\/types\/page"}],"author":[{"embeddable":true,"href":"https:\/\/winnerscore.co\/de\/wp-json\/wp\/v2\/users\/1"}],"replies":[{"embeddable":true,"href":"https:\/\/winnerscore.co\/de\/wp-json\/wp\/v2\/comments?post=944"}],"version-history":[{"count":2,"href":"https:\/\/winnerscore.co\/de\/wp-json\/wp\/v2\/pages\/944\/revisions"}],"predecessor-version":[{"id":946,"href":"https:\/\/winnerscore.co\/de\/wp-json\/wp\/v2\/pages\/944\/revisions\/946"}],"wp:attachment":[{"href":"https:\/\/winnerscore.co\/de\/wp-json\/wp\/v2\/media?parent=944"}],"curies":[{"name":"wp","href":"https:\/\/api.w.org\/{rel}","templated":true}]}}