{"id":538,"date":"2024-02-01T19:37:14","date_gmt":"2024-02-01T19:37:14","guid":{"rendered":"https:\/\/winnerscore.friendsofnocode.com\/privacy-policy\/"},"modified":"2024-02-06T13:37:58","modified_gmt":"2024-02-06T13:37:58","slug":"privacy-policy","status":"publish","type":"page","link":"https:\/\/winnerscore.co\/en\/privacy-policy\/","title":{"rendered":"Privacy policy"},"content":{"rendered":"\t\t<div data-elementor-type=\"wp-page\" data-elementor-id=\"538\" class=\"elementor elementor-538 elementor-421\" data-elementor-post-type=\"page\">\n\t\t\t\t<div class=\"elementor-element elementor-element-0ec91bb e-flex e-con-boxed e-con e-parent\" data-id=\"0ec91bb\" data-element_type=\"container\">\n\t\t\t\t\t<div class=\"e-con-inner\">\n\t\t<div class=\"elementor-element elementor-element-6250b70 e-flex e-con-boxed e-con e-child\" data-id=\"6250b70\" data-element_type=\"container\">\n\t\t\t\t\t<div class=\"e-con-inner\">\n\t\t\t\t<div class=\"elementor-element elementor-element-9150e70 elementor-widget elementor-widget-heading\" data-id=\"9150e70\" data-element_type=\"widget\" data-widget_type=\"heading.default\">\n\t\t\t\t<div class=\"elementor-widget-container\">\n\t\t\t\t\t<h2 class=\"elementor-heading-title elementor-size-default\">Personal data protection charter<\/h2>\t\t\t\t<\/div>\n\t\t\t\t<\/div>\n\t\t\t\t\t<\/div>\n\t\t\t\t<\/div>\n\t\t<div class=\"elementor-element elementor-element-c038d15 e-flex e-con-boxed e-con e-child\" data-id=\"c038d15\" data-element_type=\"container\">\n\t\t\t\t\t<div class=\"e-con-inner\">\n\t\t\t\t<div class=\"elementor-element elementor-element-9e21363 elementor-widget elementor-widget-text-editor\" data-id=\"9e21363\" data-element_type=\"widget\" data-widget_type=\"text-editor.default\">\n\t\t\t\t<div class=\"elementor-widget-container\">\n\t\t\t\t\t\t\t\t\t<div>\n<h3>Introduction<\/h3>\n<p>This personal data protection charter informs you of WINNERSCORE&nbsp;&#8216;s commitments when personal information concerning you is collected via its website and the use that WINNERSCORE&nbsp;makes of it.<\/p>\n<\/div>\n<div>\n<h2>Personal data that may be collected via our websites<\/h2>\n<p>You can visit WINNERSCORE sites without having to provide any personal information about yourself.<\/p>\n<p>However, in order to access certain services available on the sites, such as downloading certain documents or forms, or to receive information, subscribe to a newsletter, or for any other specific use, WINNERSCORE&nbsp;may ask you for personal data. The provision of personal data in this context is voluntary. If you do not wish to communicate them, you simply cannot benefit from the services available on the WINNERSCORE site.<\/p>\n<p>The personal data collected on WINNERSCORE&nbsp;websites are :<\/p>\n<ul role=\"list\">\n<li>To contact us via the site: personal information such as your name, address, e-mail address, job title or telephone number.<\/li>\n<li>To apply: personal information such as full name, e-mail address, curriculum vitae or letter of application.<\/li>\n<li>To register on our site: personal information such as your name and business details, as well as other information relating to your request which may be collected via specific forms.<\/li>\n<\/ul>\n<p>The personal data you are asked to provide may be optional or mandatory.<\/p>\n<\/div>\n<div>\n<h2>How we use your personal data<\/h2>\n<p>Your personal data will only be processed by WINNERSCORE&nbsp;if the processing is necessary for the execution of your request or if you have expressly consented to it.<\/p>\n<p>Your personal data will be used for the following purposes<\/p>\n<ul role=\"list\">\n<li>Communicate: follow up on your requests, respond to your comments, send you requested documentation by e-mail.<\/li>\n<li>Recruitment: use of your CV or online application for recruitment purposes, which means we may contact you by e-mail, telephone or post.<\/li>\n<li>Subscribe: to receive our publications or newsletters, or to download them from our website. Some data may be requested via a specific form for a particular event. If the event is covered by partners, the information you provide may be collected by or shared with that third party. It is then your responsibility to check how this third party uses your information. We will retain your information for future interactions with you.<\/li>\n<\/ul>\n<\/div>\n<div>\n<h2>Non-personal information collected automatically<\/h2>\n<p><span style=\"color: var( --e-global-color-text ); font-family: var( --e-global-typography-text-font-family ), Sans-serif; font-size: var( --e-global-typography-text-font-size ); font-weight: var( --e-global-typography-text-font-weight ); text-align: var(--text-align);\">WINNERSCORE<\/span><span style=\"color: var( --e-global-color-text ); font-family: var( --e-global-typography-text-font-family ), Sans-serif; font-size: var( --e-global-typography-text-font-size ); font-weight: var( --e-global-typography-text-font-weight ); text-align: var(--text-align);\">&nbsp;<\/span>is committed to preserving the confidentiality of the identity of visitors to its website. WINNERSCORE&nbsp;may provide third parties with aggregate site visitor statistics, profile analysis data and other site-related information. These statistics do not include any personally identifiable information.<\/p>\n<\/div>\n<div>\n<h2>Security<\/h2>\n<p><span style=\"color: var( --e-global-color-text ); font-family: var( --e-global-typography-text-font-family ), Sans-serif; font-size: var( --e-global-typography-text-font-size ); font-weight: var( --e-global-typography-text-font-weight ); text-align: var(--text-align);\">WINNERSCORE<\/span><span style=\"color: var( --e-global-color-text ); font-family: var( --e-global-typography-text-font-family ), Sans-serif; font-size: var( --e-global-typography-text-font-size ); font-weight: var( --e-global-typography-text-font-weight ); text-align: var(--text-align);\">\n  &nbsp;\n<\/span>has implemented the necessary technical and organizational measures to prevent unauthorized access, improper use, disclosure, unauthorized modification, unlawful destruction or accidental loss of your personal data.<\/p>\n<p>However, the communication of personal data (whether live on the site, by telephone or via the Internet) is never without risk, and electronic communication systems cannot be totally protected against &#8220;sabotage&#8221; or &#8220;hacking&#8221;. The Internet is an open and unsecured system and WINNERSCORE cannot be held responsible for the security of personal data transmissions.<\/p>\n<\/div>\n<div>\n<h2>Retention period for personal information<\/h2>\n<p><span style=\"color: var( --e-global-color-text ); font-family: var( --e-global-typography-text-font-family ), Sans-serif; font-size: var( --e-global-typography-text-font-size ); font-weight: var( --e-global-typography-text-font-weight ); text-align: var(--text-align);\">WINNERSCORE<\/span><span style=\"color: var( --e-global-color-text ); font-family: var( --e-global-typography-text-font-family ), Sans-serif; font-size: var( --e-global-typography-text-font-size ); font-weight: var( --e-global-typography-text-font-weight ); text-align: var(--text-align);\">\n  &nbsp;\n<\/span>retains your personal data only to the extent necessary for the purposes of processing:<\/p>\n<ul role=\"list\">\n<li>For all commercial and marketing requests: this data will be kept for a maximum of 3 years from the last contact.<\/li>\n<li>For all requests concerning recruitment: this data will be kept for a maximum of 2 years from the date of our last contact.<\/li>\n<li>When the personal data we collect is no longer required, WINNERSCORE&nbsp;securely destroys or deletes it.<\/li>\n<\/ul>\n<\/div>\n<div>\n<h2>Who we use your personal data for<\/h2>\n<p>Your personal data collected via the site is intended for the sole use of WINNERSCORE&nbsp;for the processing of your request and used to the extent necessary to achieve the purposes indicated in this charter.<\/p>\n<p><span style=\"color: var( --e-global-color-text ); font-family: var( --e-global-typography-text-font-family ), Sans-serif; font-size: var( --e-global-typography-text-font-size ); font-weight: var( --e-global-typography-text-font-weight ); text-align: var(--text-align);\">WINNERSCORE<\/span><span style=\"color: var( --e-global-color-text ); font-family: var( --e-global-typography-text-font-family ), Sans-serif; font-size: var( --e-global-typography-text-font-size ); font-weight: var( --e-global-typography-text-font-weight ); text-align: var(--text-align);\">\n  &nbsp;\n<\/span>does not sell or share your personal information with third parties.<\/p>\n<\/div>\n<div>\n<h2>How to exercise your rights<\/h2>\n<p>You have the right to access your personal data at any time. You also have the right to request rectification and deletion, the right to limit and object to processing and the right to portability under the conditions laid down by the applicable regulations.<\/p>\n<p>If you have any questions about the privacy policy or wish to exercise your rights, please contact us at contact@winnerscore.co. Finally, you have the right to lodge a complaint with the Commission Nationale de l&#8217;Informatique et des Libert\u00e9s (CNIL), the supervisory authority responsible for ensuring compliance with obligations relating to personal data.<\/p>\n<\/div>\n<div>\n<h2>Changes<\/h2>\n<p><span style=\"color: var( --e-global-color-text ); font-family: var( --e-global-typography-text-font-family ), Sans-serif; font-size: var( --e-global-typography-text-font-size ); font-weight: var( --e-global-typography-text-font-weight ); text-align: var(--text-align);\">WINNERSCORE<\/span><span style=\"color: var( --e-global-color-text ); font-family: var( --e-global-typography-text-font-family ), Sans-serif; font-size: var( --e-global-typography-text-font-size ); font-weight: var( --e-global-typography-text-font-weight ); text-align: var(--text-align);\">&nbsp;<\/span>reserves the right to modify this privacy policy and to modify or withdraw access to this site. WINNERSCORE&nbsp;may also modify its content at any time, with or without notice.<\/p>\n<\/div>\t\t\t\t\t\t\t\t<\/div>\n\t\t\t\t<\/div>\n\t\t\t\t\t<\/div>\n\t\t\t\t<\/div>\n\t\t\t\t\t<\/div>\n\t\t\t\t<\/div>\n\t\t\t\t<\/div>\n\t\t","protected":false},"excerpt":{"rendered":"<p>Personal data protection charter Introduction This personal data protection charter informs you of WINNERSCORE&nbsp;&#8216;s commitments when personal information concerning you is collected via its website and the use that WINNERSCORE&nbsp;makes of it. Personal data that may be collected via our websites You can visit WINNERSCORE sites without having to provide any personal information about yourself. [&hellip;]<\/p>\n","protected":false},"author":1,"featured_media":0,"parent":0,"menu_order":0,"comment_status":"closed","ping_status":"closed","template":"","meta":{"footnotes":""},"yoast_head":"<!-- This site is optimized with the Yoast SEO plugin v24.5 - https:\/\/yoast.com\/wordpress\/plugins\/seo\/ -->\n<title>Privacy policy - Winnerscore<\/title>\n<meta name=\"robots\" content=\"index, follow, max-snippet:-1, max-image-preview:large, max-video-preview:-1\" \/>\n<link rel=\"canonical\" href=\"https:\/\/winnerscore.co\/en\/privacy-policy\/\" \/>\n<meta property=\"og:locale\" content=\"en_US\" \/>\n<meta property=\"og:type\" content=\"article\" \/>\n<meta property=\"og:title\" content=\"Privacy policy - Winnerscore\" \/>\n<meta property=\"og:description\" content=\"Personal data protection charter Introduction This personal data protection charter informs you of WINNERSCORE&nbsp;&#8216;s commitments when personal information concerning you is collected via its website and the use that WINNERSCORE&nbsp;makes of it. Personal data that may be collected via our websites You can visit WINNERSCORE sites without having to provide any personal information about yourself. [&hellip;]\" \/>\n<meta property=\"og:url\" content=\"https:\/\/winnerscore.co\/en\/privacy-policy\/\" \/>\n<meta property=\"og:site_name\" content=\"Winnerscore\" \/>\n<meta property=\"article:modified_time\" content=\"2024-02-06T13:37:58+00:00\" \/>\n<meta name=\"twitter:card\" content=\"summary_large_image\" \/>\n<meta name=\"twitter:label1\" content=\"Est. reading time\" \/>\n\t<meta name=\"twitter:data1\" content=\"4 minutes\" \/>\n<script type=\"application\/ld+json\" class=\"yoast-schema-graph\">{\"@context\":\"https:\/\/schema.org\",\"@graph\":[{\"@type\":\"WebPage\",\"@id\":\"https:\/\/winnerscore.co\/en\/privacy-policy\/\",\"url\":\"https:\/\/winnerscore.co\/en\/privacy-policy\/\",\"name\":\"Privacy policy - Winnerscore\",\"isPartOf\":{\"@id\":\"https:\/\/winnerscore.co\/#website\"},\"datePublished\":\"2024-02-01T19:37:14+00:00\",\"dateModified\":\"2024-02-06T13:37:58+00:00\",\"breadcrumb\":{\"@id\":\"https:\/\/winnerscore.co\/en\/privacy-policy\/#breadcrumb\"},\"inLanguage\":\"en-US\",\"potentialAction\":[{\"@type\":\"ReadAction\",\"target\":[\"https:\/\/winnerscore.co\/en\/privacy-policy\/\"]}]},{\"@type\":\"BreadcrumbList\",\"@id\":\"https:\/\/winnerscore.co\/en\/privacy-policy\/#breadcrumb\",\"itemListElement\":[{\"@type\":\"ListItem\",\"position\":1,\"name\":\"Accueil\",\"item\":\"https:\/\/winnerscore.co\/en\/home\/\"},{\"@type\":\"ListItem\",\"position\":2,\"name\":\"Privacy policy\"}]},{\"@type\":\"WebSite\",\"@id\":\"https:\/\/winnerscore.co\/#website\",\"url\":\"https:\/\/winnerscore.co\/\",\"name\":\"Winnerscore\",\"description\":\"La premi\u00e8re plateforme de pronostics en entreprise int\u00e9gr\u00e9e dans Microsoft Teams\",\"publisher\":{\"@id\":\"https:\/\/winnerscore.co\/#organization\"},\"potentialAction\":[{\"@type\":\"SearchAction\",\"target\":{\"@type\":\"EntryPoint\",\"urlTemplate\":\"https:\/\/winnerscore.co\/?s={search_term_string}\"},\"query-input\":{\"@type\":\"PropertyValueSpecification\",\"valueRequired\":true,\"valueName\":\"search_term_string\"}}],\"inLanguage\":\"en-US\"},{\"@type\":\"Organization\",\"@id\":\"https:\/\/winnerscore.co\/#organization\",\"name\":\"Winnerscore\",\"url\":\"https:\/\/winnerscore.co\/\",\"logo\":{\"@type\":\"ImageObject\",\"inLanguage\":\"en-US\",\"@id\":\"https:\/\/winnerscore.co\/#\/schema\/logo\/image\/\",\"url\":\"https:\/\/winnerscore.co\/wp-content\/uploads\/2024\/02\/Calque_1.svg\",\"contentUrl\":\"https:\/\/winnerscore.co\/wp-content\/uploads\/2024\/02\/Calque_1.svg\",\"width\":245,\"height\":24,\"caption\":\"Winnerscore\"},\"image\":{\"@id\":\"https:\/\/winnerscore.co\/#\/schema\/logo\/image\/\"},\"sameAs\":[\"https:\/\/www.youtube.com\/@winnerscore\",\"https:\/\/www.linkedin.com\/company\/winnerscore\"]}]}<\/script>\n<!-- \/ Yoast SEO plugin. -->","yoast_head_json":{"title":"Privacy policy - Winnerscore","robots":{"index":"index","follow":"follow","max-snippet":"max-snippet:-1","max-image-preview":"max-image-preview:large","max-video-preview":"max-video-preview:-1"},"canonical":"https:\/\/winnerscore.co\/en\/privacy-policy\/","og_locale":"en_US","og_type":"article","og_title":"Privacy policy - Winnerscore","og_description":"Personal data protection charter Introduction This personal data protection charter informs you of WINNERSCORE&nbsp;&#8216;s commitments when personal information concerning you is collected via its website and the use that WINNERSCORE&nbsp;makes of it. Personal data that may be collected via our websites You can visit WINNERSCORE sites without having to provide any personal information about yourself. [&hellip;]","og_url":"https:\/\/winnerscore.co\/en\/privacy-policy\/","og_site_name":"Winnerscore","article_modified_time":"2024-02-06T13:37:58+00:00","twitter_card":"summary_large_image","twitter_misc":{"Est. reading time":"4 minutes"},"schema":{"@context":"https:\/\/schema.org","@graph":[{"@type":"WebPage","@id":"https:\/\/winnerscore.co\/en\/privacy-policy\/","url":"https:\/\/winnerscore.co\/en\/privacy-policy\/","name":"Privacy policy - Winnerscore","isPartOf":{"@id":"https:\/\/winnerscore.co\/#website"},"datePublished":"2024-02-01T19:37:14+00:00","dateModified":"2024-02-06T13:37:58+00:00","breadcrumb":{"@id":"https:\/\/winnerscore.co\/en\/privacy-policy\/#breadcrumb"},"inLanguage":"en-US","potentialAction":[{"@type":"ReadAction","target":["https:\/\/winnerscore.co\/en\/privacy-policy\/"]}]},{"@type":"BreadcrumbList","@id":"https:\/\/winnerscore.co\/en\/privacy-policy\/#breadcrumb","itemListElement":[{"@type":"ListItem","position":1,"name":"Accueil","item":"https:\/\/winnerscore.co\/en\/home\/"},{"@type":"ListItem","position":2,"name":"Privacy policy"}]},{"@type":"WebSite","@id":"https:\/\/winnerscore.co\/#website","url":"https:\/\/winnerscore.co\/","name":"Winnerscore","description":"La premi\u00e8re plateforme de pronostics en entreprise int\u00e9gr\u00e9e dans Microsoft Teams","publisher":{"@id":"https:\/\/winnerscore.co\/#organization"},"potentialAction":[{"@type":"SearchAction","target":{"@type":"EntryPoint","urlTemplate":"https:\/\/winnerscore.co\/?s={search_term_string}"},"query-input":{"@type":"PropertyValueSpecification","valueRequired":true,"valueName":"search_term_string"}}],"inLanguage":"en-US"},{"@type":"Organization","@id":"https:\/\/winnerscore.co\/#organization","name":"Winnerscore","url":"https:\/\/winnerscore.co\/","logo":{"@type":"ImageObject","inLanguage":"en-US","@id":"https:\/\/winnerscore.co\/#\/schema\/logo\/image\/","url":"https:\/\/winnerscore.co\/wp-content\/uploads\/2024\/02\/Calque_1.svg","contentUrl":"https:\/\/winnerscore.co\/wp-content\/uploads\/2024\/02\/Calque_1.svg","width":245,"height":24,"caption":"Winnerscore"},"image":{"@id":"https:\/\/winnerscore.co\/#\/schema\/logo\/image\/"},"sameAs":["https:\/\/www.youtube.com\/@winnerscore","https:\/\/www.linkedin.com\/company\/winnerscore"]}]}},"_links":{"self":[{"href":"https:\/\/winnerscore.co\/en\/wp-json\/wp\/v2\/pages\/538"}],"collection":[{"href":"https:\/\/winnerscore.co\/en\/wp-json\/wp\/v2\/pages"}],"about":[{"href":"https:\/\/winnerscore.co\/en\/wp-json\/wp\/v2\/types\/page"}],"author":[{"embeddable":true,"href":"https:\/\/winnerscore.co\/en\/wp-json\/wp\/v2\/users\/1"}],"replies":[{"embeddable":true,"href":"https:\/\/winnerscore.co\/en\/wp-json\/wp\/v2\/comments?post=538"}],"version-history":[{"count":8,"href":"https:\/\/winnerscore.co\/en\/wp-json\/wp\/v2\/pages\/538\/revisions"}],"predecessor-version":[{"id":765,"href":"https:\/\/winnerscore.co\/en\/wp-json\/wp\/v2\/pages\/538\/revisions\/765"}],"wp:attachment":[{"href":"https:\/\/winnerscore.co\/en\/wp-json\/wp\/v2\/media?parent=538"}],"curies":[{"name":"wp","href":"https:\/\/api.w.org\/{rel}","templated":true}]}}