{"id":541,"date":"2024-02-01T19:37:31","date_gmt":"2024-02-01T19:37:31","guid":{"rendered":"https:\/\/winnerscore.friendsofnocode.com\/cookies-policy\/"},"modified":"2024-02-08T12:54:05","modified_gmt":"2024-02-08T12:54:05","slug":"cookies-policy","status":"publish","type":"page","link":"https:\/\/winnerscore.co\/en\/cookies-policy\/","title":{"rendered":"Cookies policy"},"content":{"rendered":"\t\t<div data-elementor-type=\"wp-page\" data-elementor-id=\"541\" class=\"elementor elementor-541 elementor-423\" data-elementor-post-type=\"page\">\n\t\t\t\t<div class=\"elementor-element elementor-element-74c5d41 e-flex e-con-boxed e-con e-parent\" data-id=\"74c5d41\" data-element_type=\"container\">\n\t\t\t\t\t<div class=\"e-con-inner\">\n\t\t<div class=\"elementor-element elementor-element-4901296 e-flex e-con-boxed e-con e-child\" data-id=\"4901296\" data-element_type=\"container\">\n\t\t\t\t\t<div class=\"e-con-inner\">\n\t\t\t\t<div class=\"elementor-element elementor-element-4546ffb elementor-widget elementor-widget-heading\" data-id=\"4546ffb\" data-element_type=\"widget\" data-widget_type=\"heading.default\">\n\t\t\t\t<div class=\"elementor-widget-container\">\n\t\t\t\t\t<h1 class=\"elementor-heading-title elementor-size-default\">Cookies policy<\/h1>\t\t\t\t<\/div>\n\t\t\t\t<\/div>\n\t\t\t\t\t<\/div>\n\t\t\t\t<\/div>\n\t\t<div class=\"elementor-element elementor-element-d6f3ecd e-flex e-con-boxed e-con e-child\" data-id=\"d6f3ecd\" data-element_type=\"container\">\n\t\t\t\t\t<div class=\"e-con-inner\">\n\t\t\t\t<div class=\"elementor-element elementor-element-27c53af elementor-widget elementor-widget-text-editor\" data-id=\"27c53af\" data-element_type=\"widget\" data-widget_type=\"text-editor.default\">\n\t\t\t\t<div class=\"elementor-widget-container\">\n\t\t\t\t\t\t\t\t\t<div>\n<h3>What is a cookie?<\/h3>\n<p>A cookie is a small text file stored on your computer, tablet or phone when you use the WINNERSCORE site. It enables our site to recognize you, remember your preferences and understand how you use our services.<\/p>\n<\/div>\n<div>\n<h3>How are they used?<\/h3>\n<p>Strictly necessary cookies are essential for site navigation and cannot be deactivated.<\/p>\n<ul role=\"list\">\n<li>Functional cookies enable us to recognize you and provide you with content tailored to your preferences.<\/li>\n<li>Analytical cookies enable us to collect anonymous information about how visitors use our site.<\/li>\n<li>Marketing and audience measurement cookies record information about browsing habits in order to tailor advertising to your interests.<\/li>\n<\/ul>\n<\/div>\n<div>\n<h3>What information do cookies store?<\/h3>\n<p>A cookie can generally contain the following information:<\/p>\n<ul role=\"list\">\n<li>Website name.<\/li>\n<li>How long the cookie is stored on your device.<\/li>\n<li>Your Internet browsing habits (including your IP address).<\/li>\n<li>Your device&#8217;s technical specifications and a value (usually a unique, randomly generated number).<\/li>\n<\/ul>\n<\/div>\n<div>\n<h3>How are my cookies managed?<\/h3>\n<p>There are session cookies and persistent cookies.<\/p>\n<p>Session cookies: These are stored on your device for the duration of your Internet session. When you end your session and close your browser, they are automatically deleted.<\/p>\n<p>Persistent cookies : These are stored on your device for a maximum of 13 months. You can also delete them via our cookie management tool or directly from your browser.<\/p>\n<p>Please find the different support links depending on your web browser:<\/p>\n<ul role=\"list\">\n<li>Chrome : https :&nbsp; \/\/support<a href=\"https:\/\/support.google.com\/chrome\/answer\/95647?hl=fr&amp;hlrm=en\" target=\"_blank\" rel=\"noopener\">.google.com\/chrome\/answer\/95647?hl=en&amp;hlrm=en<\/a><\/li>\n<li>Internet Explorer: https:&nbsp; \/\/support<a href=\"https:\/\/support.microsoft.com\/fr-fr\/help\/17442\/windows-internet-explorer-delete-manage-cookies\" target=\"_blank\" rel=\"noopener\">.microsoft.com\/en-en\/help\/17442\/windows-internet-explorer-delete-manage-cookies<\/a>&nbsp;&nbsp;<\/li>\n<li>Safari: https:&nbsp; \/\/support<a href=\"https:\/\/support.apple.com\/fr-fr\/guide\/safari\/sfri11471\/mac\" target=\"_blank\" rel=\"noopener\">.apple.com\/en-en\/guide\/safari\/sfri11471\/mac<\/a><\/li>\n<li>Firefox: http:&nbsp; \/\/support<a href=\"http:\/\/support.mozilla.org\/fr\/kb\/cookies-informations-sites-enregistrent?redirectlocale=fr&amp;redirectslug=G%C3%A9rer+les+cookies\" target=\"_blank\" rel=\"noopener\">.mozilla.org\/en\/kb\/cookies-informations-sites-enregistristrent?redirectlocale=en&amp;redirectslug=G%C3%A9rer+the+cookies<\/a><\/li>\n<li>Opera : http :&nbsp;<a href=\"https:\/\/help.opera.com\/en\/latest\/web-preferences\/\" target=\"_blank\" rel=\"noopener\">\/\/help.opera.com\/Windows\/10.20\/en\/cookies.html<\/a><\/li>\n<\/ul>\n<p><span style=\"color: var( --e-global-color-text ); font-family: var( --e-global-typography-text-font-family ), Sans-serif; font-size: var( --e-global-typography-text-font-size ); font-weight: var( --e-global-typography-text-font-weight ); text-align: var(--text-align);\"><br><\/span><\/p><p><span style=\"color: var( --e-global-color-text ); font-family: var( --e-global-typography-text-font-family ), Sans-serif; font-size: var( --e-global-typography-text-font-size ); font-weight: var( --e-global-typography-text-font-weight ); text-align: var(--text-align);\">If you would like information about behavioural advertising and online privacy, please visit the following links:&nbsp;&nbsp;<\/span><br><\/p>\n<ul role=\"list\">\n<li>YourOnlineChoices : http :&nbsp;<a href=\"http:\/\/www.youronlinechoices.com\/fr\/\" target=\"_blank\" rel=\"noopener\">\/\/www.youronlinechoices.com\/fr\/<\/a><\/li>\n<li>Google Policies: https:&nbsp; \/\/policies<a href=\"https:\/\/policies.google.com\/technologies\/partner-sites\" target=\"_blank\" rel=\"noopener\">.google.com\/technologies\/partner-sites<\/a><\/li>\n<\/ul>\n<\/div>\t\t\t\t\t\t\t\t<\/div>\n\t\t\t\t<\/div>\n\t\t\t\t\t<\/div>\n\t\t\t\t<\/div>\n\t\t\t\t\t<\/div>\n\t\t\t\t<\/div>\n\t\t\t\t<\/div>\n\t\t","protected":false},"excerpt":{"rendered":"<p>Cookies policy What is a cookie? A cookie is a small text file stored on your computer, tablet or phone when you use the WINNERSCORE site. It enables our site to recognize you, remember your preferences and understand how you use our services. How are they used? Strictly necessary cookies are essential for site navigation [&hellip;]<\/p>\n","protected":false},"author":1,"featured_media":0,"parent":0,"menu_order":0,"comment_status":"closed","ping_status":"closed","template":"","meta":{"footnotes":""},"yoast_head":"<!-- This site is optimized with the Yoast SEO plugin v24.5 - https:\/\/yoast.com\/wordpress\/plugins\/seo\/ -->\n<title>Cookies policy - Winnerscore<\/title>\n<meta name=\"robots\" content=\"index, follow, max-snippet:-1, max-image-preview:large, max-video-preview:-1\" \/>\n<link rel=\"canonical\" href=\"https:\/\/winnerscore.co\/en\/cookies-policy\/\" \/>\n<meta property=\"og:locale\" content=\"en_US\" \/>\n<meta property=\"og:type\" content=\"article\" \/>\n<meta property=\"og:title\" content=\"Cookies policy - Winnerscore\" \/>\n<meta property=\"og:description\" content=\"Cookies policy What is a cookie? A cookie is a small text file stored on your computer, tablet or phone when you use the WINNERSCORE site. It enables our site to recognize you, remember your preferences and understand how you use our services. How are they used? Strictly necessary cookies are essential for site navigation [&hellip;]\" \/>\n<meta property=\"og:url\" content=\"https:\/\/winnerscore.co\/en\/cookies-policy\/\" \/>\n<meta property=\"og:site_name\" content=\"Winnerscore\" \/>\n<meta property=\"article:modified_time\" content=\"2024-02-08T12:54:05+00:00\" \/>\n<meta name=\"twitter:card\" content=\"summary_large_image\" \/>\n<meta name=\"twitter:label1\" content=\"Est. reading time\" \/>\n\t<meta name=\"twitter:data1\" content=\"2 minutes\" \/>\n<script type=\"application\/ld+json\" class=\"yoast-schema-graph\">{\"@context\":\"https:\/\/schema.org\",\"@graph\":[{\"@type\":\"WebPage\",\"@id\":\"https:\/\/winnerscore.co\/en\/cookies-policy\/\",\"url\":\"https:\/\/winnerscore.co\/en\/cookies-policy\/\",\"name\":\"Cookies policy - Winnerscore\",\"isPartOf\":{\"@id\":\"https:\/\/winnerscore.co\/#website\"},\"datePublished\":\"2024-02-01T19:37:31+00:00\",\"dateModified\":\"2024-02-08T12:54:05+00:00\",\"breadcrumb\":{\"@id\":\"https:\/\/winnerscore.co\/en\/cookies-policy\/#breadcrumb\"},\"inLanguage\":\"en-US\",\"potentialAction\":[{\"@type\":\"ReadAction\",\"target\":[\"https:\/\/winnerscore.co\/en\/cookies-policy\/\"]}]},{\"@type\":\"BreadcrumbList\",\"@id\":\"https:\/\/winnerscore.co\/en\/cookies-policy\/#breadcrumb\",\"itemListElement\":[{\"@type\":\"ListItem\",\"position\":1,\"name\":\"Accueil\",\"item\":\"https:\/\/winnerscore.co\/en\/home\/\"},{\"@type\":\"ListItem\",\"position\":2,\"name\":\"Cookies policy\"}]},{\"@type\":\"WebSite\",\"@id\":\"https:\/\/winnerscore.co\/#website\",\"url\":\"https:\/\/winnerscore.co\/\",\"name\":\"Winnerscore\",\"description\":\"La premi\u00e8re plateforme de pronostics en entreprise int\u00e9gr\u00e9e dans Microsoft Teams\",\"publisher\":{\"@id\":\"https:\/\/winnerscore.co\/#organization\"},\"potentialAction\":[{\"@type\":\"SearchAction\",\"target\":{\"@type\":\"EntryPoint\",\"urlTemplate\":\"https:\/\/winnerscore.co\/?s={search_term_string}\"},\"query-input\":{\"@type\":\"PropertyValueSpecification\",\"valueRequired\":true,\"valueName\":\"search_term_string\"}}],\"inLanguage\":\"en-US\"},{\"@type\":\"Organization\",\"@id\":\"https:\/\/winnerscore.co\/#organization\",\"name\":\"Winnerscore\",\"url\":\"https:\/\/winnerscore.co\/\",\"logo\":{\"@type\":\"ImageObject\",\"inLanguage\":\"en-US\",\"@id\":\"https:\/\/winnerscore.co\/#\/schema\/logo\/image\/\",\"url\":\"https:\/\/winnerscore.co\/wp-content\/uploads\/2024\/02\/Calque_1.svg\",\"contentUrl\":\"https:\/\/winnerscore.co\/wp-content\/uploads\/2024\/02\/Calque_1.svg\",\"width\":245,\"height\":24,\"caption\":\"Winnerscore\"},\"image\":{\"@id\":\"https:\/\/winnerscore.co\/#\/schema\/logo\/image\/\"},\"sameAs\":[\"https:\/\/www.youtube.com\/@winnerscore\",\"https:\/\/www.linkedin.com\/company\/winnerscore\"]}]}<\/script>\n<!-- \/ Yoast SEO plugin. -->","yoast_head_json":{"title":"Cookies policy - Winnerscore","robots":{"index":"index","follow":"follow","max-snippet":"max-snippet:-1","max-image-preview":"max-image-preview:large","max-video-preview":"max-video-preview:-1"},"canonical":"https:\/\/winnerscore.co\/en\/cookies-policy\/","og_locale":"en_US","og_type":"article","og_title":"Cookies policy - Winnerscore","og_description":"Cookies policy What is a cookie? A cookie is a small text file stored on your computer, tablet or phone when you use the WINNERSCORE site. It enables our site to recognize you, remember your preferences and understand how you use our services. How are they used? Strictly necessary cookies are essential for site navigation [&hellip;]","og_url":"https:\/\/winnerscore.co\/en\/cookies-policy\/","og_site_name":"Winnerscore","article_modified_time":"2024-02-08T12:54:05+00:00","twitter_card":"summary_large_image","twitter_misc":{"Est. reading time":"2 minutes"},"schema":{"@context":"https:\/\/schema.org","@graph":[{"@type":"WebPage","@id":"https:\/\/winnerscore.co\/en\/cookies-policy\/","url":"https:\/\/winnerscore.co\/en\/cookies-policy\/","name":"Cookies policy - Winnerscore","isPartOf":{"@id":"https:\/\/winnerscore.co\/#website"},"datePublished":"2024-02-01T19:37:31+00:00","dateModified":"2024-02-08T12:54:05+00:00","breadcrumb":{"@id":"https:\/\/winnerscore.co\/en\/cookies-policy\/#breadcrumb"},"inLanguage":"en-US","potentialAction":[{"@type":"ReadAction","target":["https:\/\/winnerscore.co\/en\/cookies-policy\/"]}]},{"@type":"BreadcrumbList","@id":"https:\/\/winnerscore.co\/en\/cookies-policy\/#breadcrumb","itemListElement":[{"@type":"ListItem","position":1,"name":"Accueil","item":"https:\/\/winnerscore.co\/en\/home\/"},{"@type":"ListItem","position":2,"name":"Cookies policy"}]},{"@type":"WebSite","@id":"https:\/\/winnerscore.co\/#website","url":"https:\/\/winnerscore.co\/","name":"Winnerscore","description":"La premi\u00e8re plateforme de pronostics en entreprise int\u00e9gr\u00e9e dans Microsoft Teams","publisher":{"@id":"https:\/\/winnerscore.co\/#organization"},"potentialAction":[{"@type":"SearchAction","target":{"@type":"EntryPoint","urlTemplate":"https:\/\/winnerscore.co\/?s={search_term_string}"},"query-input":{"@type":"PropertyValueSpecification","valueRequired":true,"valueName":"search_term_string"}}],"inLanguage":"en-US"},{"@type":"Organization","@id":"https:\/\/winnerscore.co\/#organization","name":"Winnerscore","url":"https:\/\/winnerscore.co\/","logo":{"@type":"ImageObject","inLanguage":"en-US","@id":"https:\/\/winnerscore.co\/#\/schema\/logo\/image\/","url":"https:\/\/winnerscore.co\/wp-content\/uploads\/2024\/02\/Calque_1.svg","contentUrl":"https:\/\/winnerscore.co\/wp-content\/uploads\/2024\/02\/Calque_1.svg","width":245,"height":24,"caption":"Winnerscore"},"image":{"@id":"https:\/\/winnerscore.co\/#\/schema\/logo\/image\/"},"sameAs":["https:\/\/www.youtube.com\/@winnerscore","https:\/\/www.linkedin.com\/company\/winnerscore"]}]}},"_links":{"self":[{"href":"https:\/\/winnerscore.co\/en\/wp-json\/wp\/v2\/pages\/541"}],"collection":[{"href":"https:\/\/winnerscore.co\/en\/wp-json\/wp\/v2\/pages"}],"about":[{"href":"https:\/\/winnerscore.co\/en\/wp-json\/wp\/v2\/types\/page"}],"author":[{"embeddable":true,"href":"https:\/\/winnerscore.co\/en\/wp-json\/wp\/v2\/users\/1"}],"replies":[{"embeddable":true,"href":"https:\/\/winnerscore.co\/en\/wp-json\/wp\/v2\/comments?post=541"}],"version-history":[{"count":6,"href":"https:\/\/winnerscore.co\/en\/wp-json\/wp\/v2\/pages\/541\/revisions"}],"predecessor-version":[{"id":764,"href":"https:\/\/winnerscore.co\/en\/wp-json\/wp\/v2\/pages\/541\/revisions\/764"}],"wp:attachment":[{"href":"https:\/\/winnerscore.co\/en\/wp-json\/wp\/v2\/media?parent=541"}],"curies":[{"name":"wp","href":"https:\/\/api.w.org\/{rel}","templated":true}]}}