{"id":793,"date":"2024-02-01T19:36:28","date_gmt":"2024-02-01T19:36:28","guid":{"rendered":"https:\/\/winnerscore.co\/informacion-juridica\/"},"modified":"2024-02-08T12:53:12","modified_gmt":"2024-02-08T12:53:12","slug":"informacion-juridica","status":"publish","type":"page","link":"https:\/\/winnerscore.co\/es\/informacion-juridica\/","title":{"rendered":"Informaci\u00f3n jur\u00eddica"},"content":{"rendered":"\t\t<div data-elementor-type=\"wp-page\" data-elementor-id=\"793\" class=\"elementor elementor-793 elementor-419\" data-elementor-post-type=\"page\">\n\t\t\t\t<div class=\"elementor-element elementor-element-11d7396 e-flex e-con-boxed e-con e-parent\" data-id=\"11d7396\" data-element_type=\"container\">\n\t\t\t\t\t<div class=\"e-con-inner\">\n\t\t\t\t<div class=\"elementor-element elementor-element-e7d862a elementor-widget elementor-widget-heading\" data-id=\"e7d862a\" data-element_type=\"widget\" data-widget_type=\"heading.default\">\n\t\t\t\t<div class=\"elementor-widget-container\">\n\t\t\t\t\t<h1 class=\"elementor-heading-title elementor-size-default\">Informaci\u00f3n jur\u00eddica<\/h1>\t\t\t\t<\/div>\n\t\t\t\t<\/div>\n\t\t\t\t<div class=\"elementor-element elementor-element-58bac78 elementor-widget elementor-widget-text-editor\" data-id=\"58bac78\" data-element_type=\"widget\" data-widget_type=\"text-editor.default\">\n\t\t\t\t<div class=\"elementor-widget-container\">\n\t\t\t\t\t\t\t\t\t<div>\n<h2>Responsabilidad del sitio<\/h2>\n<p>Nombre de la empresa :&nbsp;<strong>COLLAB 365<\/strong><br>Cuyo domicilio social se encuentra en &#8211; 2 Rue Averroes, 93000 Bobigny, Francia<br>Inscrito en: 840929384<br>Bajo Siret N\u00b0 :&nbsp;<strong>84092938400013<\/strong><br>P\u00e1gina web&nbsp;<a href=\"https:\/\/www.winnerscore.co\">: https:\/\/winnerscore.co<\/a><\/p>\n<p>COLLAB 365<br>2 Rue Averroes, 93000 Bobigny, Francia<br>+33 6 74 84 24 94<\/p>\n<\/div>\n<div>\n<h2>Copyright<\/h2>\n<p>WINNERSCORE es un servicio comercializado por la empresa COLLAB 365 SASU con un capital de 1000\u20ac | 2 Rue Averroes, 93000 Bobigny.&nbsp;<span style=\"color: var( --e-global-color-text ); font-family: var( --e-global-typography-text-font-family ), Sans-serif; font-size: var( --e-global-typography-text-font-size ); font-weight: var( --e-global-typography-text-font-weight ); text-align: var(--text-align);\">|<\/span><span style=\"color: var( --e-global-color-text ); font-family: var( --e-global-typography-text-font-family ), Sans-serif; font-size: var( --e-global-typography-text-font-size ); font-weight: var( --e-global-typography-text-font-weight ); text-align: var(--text-align);\">&nbsp;SIREN :&nbsp;<\/span><span style=\"text-align: var(--text-align);\">840 929 384 RCS BOBIGNY. Actividad :&nbsp;<\/span><span style=\"text-align: var(--text-align);\">Consultor\u00eda y servicios en sistemas y programas inform\u00e1ticos; desarrollo, integraci\u00f3n, mantenimiento y soporte de programas y paquetes inform\u00e1ticos; consultor\u00eda y servicios en estrategia digital, gr\u00e1ficos y multimedia; formaci\u00f3n no reglada en los \u00e1mbitos anteriores.<\/span><\/p>\n<p>El uso de cualquier documento (fotos, textos, im\u00e1genes, etc.) del sitio web&nbsp;https:\/\/winnerscore.co&nbsp;se autoriza \u00fanicamente con fines informativos y para uso privado. Queda prohibido cualquier uso con fines comerciales.<br>COLLAB 365 hace todo lo posible para garantizar que la informaci\u00f3n publicada en el sitio web sea exacta y est\u00e9 actualizada.&nbsp;<a href=\"https:\/\/winnerscore.co\/es\/\">https:\/\/winnerscore.co<\/a><a href=\"https:\/\/www.mozzaik365.com\/fr\/\">.<\/a><br>No obstante, insistimos en que es responsabilidad de los visitantes comprobar la informaci\u00f3n que figura en el sitio, incluso poni\u00e9ndose en contacto con nosotros.<br>En consecuencia, COLLAB 365 declina toda responsabilidad : por cualquier imprecisi\u00f3n, inexactitud u omisi\u00f3n relativa a la informaci\u00f3n disponible en el sitio, por cualquier da\u00f1o resultante de una intrusi\u00f3n fraudulenta de un tercero que conlleve una modificaci\u00f3n de la informaci\u00f3n puesta a disposici\u00f3n en el sitio y, de forma m\u00e1s general, por cualquier da\u00f1o, directo o indirecto, cualquiera que sea su causa, origen, naturaleza o consecuencias, provocado por el acceso de cualquier persona al sitio o la imposibilidad de acceder a \u00e9l, as\u00ed como por el uso del sitio y\/o el cr\u00e9dito dado a cualquier informaci\u00f3n procedente directa o indirectamente de este \u00faltimo.<br>Adem\u00e1s, salvo que se indique lo contrario, quedan reservados los derechos de propiedad intelectual sobre los documentos contenidos en el sitio y cada uno de los elementos creados para el mismo.&nbsp;https:\/\/winnerscore.co\/&nbsp;son propiedad exclusiva de COLLAB 365, que no concede ninguna licencia ni derecho distinto del de consultar el sitio.<br>Se autoriza la reproducci\u00f3n de cualquier documento publicado en el sitio \u00fanicamente con fines informativos para uso personal y privado, quedando expresamente prohibida cualquier reproducci\u00f3n o utilizaci\u00f3n de copias realizadas con otros fines.<br>Todas las marcas comerciales mencionadas en este sitio pertenecen a sus respectivas empresas.<br>Todos los productos, logotipos e im\u00e1genes mencionados en las p\u00e1ginas de este sitio son propiedad de sus respectivas marcas.<\/p>\n<\/div>\n<div>\n<h2>Informaci\u00f3n t\u00e9cnica<\/h2>\n<p>Este sitio es accesible 24 horas al d\u00eda, 7 d\u00edas a la semana, salvo en caso de fuerza mayor, dificultades inform\u00e1ticas, mantenimiento, dificultades relacionadas con la estructura de las redes de comunicaci\u00f3n o dificultades t\u00e9cnicas.<\/p>\n<\/div>\t\t\t\t\t\t\t\t<\/div>\n\t\t\t\t<\/div>\n\t\t\t\t\t<\/div>\n\t\t\t\t<\/div>\n\t\t\t\t<\/div>\n\t\t","protected":false},"excerpt":{"rendered":"<p>Informaci\u00f3n jur\u00eddica Responsabilidad del sitio Nombre de la empresa :&nbsp;COLLAB 365Cuyo domicilio social se encuentra en &#8211; 2 Rue Averroes, 93000 Bobigny, FranciaInscrito en: 840929384Bajo Siret N\u00b0 :&nbsp;84092938400013P\u00e1gina web&nbsp;: https:\/\/winnerscore.co COLLAB 3652 Rue Averroes, 93000 Bobigny, Francia+33 6 74 84 24 94 Copyright WINNERSCORE es un servicio comercializado por la empresa COLLAB 365 SASU con [&hellip;]<\/p>\n","protected":false},"author":1,"featured_media":0,"parent":0,"menu_order":0,"comment_status":"closed","ping_status":"closed","template":"","meta":{"footnotes":""},"yoast_head":"<!-- This site is optimized with the Yoast SEO plugin v24.5 - https:\/\/yoast.com\/wordpress\/plugins\/seo\/ -->\n<title>Informaci\u00f3n jur\u00eddica - Winnerscore<\/title>\n<meta name=\"robots\" content=\"index, follow, max-snippet:-1, max-image-preview:large, max-video-preview:-1\" \/>\n<link rel=\"canonical\" href=\"https:\/\/winnerscore.co\/es\/informacion-juridica\/\" \/>\n<meta property=\"og:locale\" content=\"es_ES\" \/>\n<meta property=\"og:type\" content=\"article\" \/>\n<meta property=\"og:title\" content=\"Informaci\u00f3n jur\u00eddica - Winnerscore\" \/>\n<meta property=\"og:description\" content=\"Informaci\u00f3n jur\u00eddica Responsabilidad del sitio Nombre de la empresa :&nbsp;COLLAB 365Cuyo domicilio social se encuentra en &#8211; 2 Rue Averroes, 93000 Bobigny, FranciaInscrito en: 840929384Bajo Siret N\u00b0 :&nbsp;84092938400013P\u00e1gina web&nbsp;: https:\/\/winnerscore.co COLLAB 3652 Rue Averroes, 93000 Bobigny, Francia+33 6 74 84 24 94 Copyright WINNERSCORE es un servicio comercializado por la empresa COLLAB 365 SASU con [&hellip;]\" \/>\n<meta property=\"og:url\" content=\"https:\/\/winnerscore.co\/es\/informacion-juridica\/\" \/>\n<meta property=\"og:site_name\" content=\"Winnerscore\" \/>\n<meta property=\"article:modified_time\" content=\"2024-02-08T12:53:12+00:00\" \/>\n<meta name=\"twitter:card\" content=\"summary_large_image\" \/>\n<meta name=\"twitter:label1\" content=\"Tiempo de lectura\" \/>\n\t<meta name=\"twitter:data1\" content=\"2 minutos\" \/>\n<script type=\"application\/ld+json\" class=\"yoast-schema-graph\">{\"@context\":\"https:\/\/schema.org\",\"@graph\":[{\"@type\":\"WebPage\",\"@id\":\"https:\/\/winnerscore.co\/es\/informacion-juridica\/\",\"url\":\"https:\/\/winnerscore.co\/es\/informacion-juridica\/\",\"name\":\"Informaci\u00f3n jur\u00eddica - Winnerscore\",\"isPartOf\":{\"@id\":\"https:\/\/winnerscore.co\/#website\"},\"datePublished\":\"2024-02-01T19:36:28+00:00\",\"dateModified\":\"2024-02-08T12:53:12+00:00\",\"breadcrumb\":{\"@id\":\"https:\/\/winnerscore.co\/es\/informacion-juridica\/#breadcrumb\"},\"inLanguage\":\"es\",\"potentialAction\":[{\"@type\":\"ReadAction\",\"target\":[\"https:\/\/winnerscore.co\/es\/informacion-juridica\/\"]}]},{\"@type\":\"BreadcrumbList\",\"@id\":\"https:\/\/winnerscore.co\/es\/informacion-juridica\/#breadcrumb\",\"itemListElement\":[{\"@type\":\"ListItem\",\"position\":1,\"name\":\"Accueil\",\"item\":\"https:\/\/winnerscore.co\/es\/inicio\/\"},{\"@type\":\"ListItem\",\"position\":2,\"name\":\"Informaci\u00f3n jur\u00eddica\"}]},{\"@type\":\"WebSite\",\"@id\":\"https:\/\/winnerscore.co\/#website\",\"url\":\"https:\/\/winnerscore.co\/\",\"name\":\"Winnerscore\",\"description\":\"La premi\u00e8re plateforme de pronostics en entreprise int\u00e9gr\u00e9e dans Microsoft Teams\",\"publisher\":{\"@id\":\"https:\/\/winnerscore.co\/#organization\"},\"potentialAction\":[{\"@type\":\"SearchAction\",\"target\":{\"@type\":\"EntryPoint\",\"urlTemplate\":\"https:\/\/winnerscore.co\/?s={search_term_string}\"},\"query-input\":{\"@type\":\"PropertyValueSpecification\",\"valueRequired\":true,\"valueName\":\"search_term_string\"}}],\"inLanguage\":\"es\"},{\"@type\":\"Organization\",\"@id\":\"https:\/\/winnerscore.co\/#organization\",\"name\":\"Winnerscore\",\"url\":\"https:\/\/winnerscore.co\/\",\"logo\":{\"@type\":\"ImageObject\",\"inLanguage\":\"es\",\"@id\":\"https:\/\/winnerscore.co\/#\/schema\/logo\/image\/\",\"url\":\"https:\/\/winnerscore.co\/wp-content\/uploads\/2024\/02\/Calque_1.svg\",\"contentUrl\":\"https:\/\/winnerscore.co\/wp-content\/uploads\/2024\/02\/Calque_1.svg\",\"width\":245,\"height\":24,\"caption\":\"Winnerscore\"},\"image\":{\"@id\":\"https:\/\/winnerscore.co\/#\/schema\/logo\/image\/\"},\"sameAs\":[\"https:\/\/www.youtube.com\/@winnerscore\",\"https:\/\/www.linkedin.com\/company\/winnerscore\"]}]}<\/script>\n<!-- \/ Yoast SEO plugin. -->","yoast_head_json":{"title":"Informaci\u00f3n jur\u00eddica - Winnerscore","robots":{"index":"index","follow":"follow","max-snippet":"max-snippet:-1","max-image-preview":"max-image-preview:large","max-video-preview":"max-video-preview:-1"},"canonical":"https:\/\/winnerscore.co\/es\/informacion-juridica\/","og_locale":"es_ES","og_type":"article","og_title":"Informaci\u00f3n jur\u00eddica - Winnerscore","og_description":"Informaci\u00f3n jur\u00eddica Responsabilidad del sitio Nombre de la empresa :&nbsp;COLLAB 365Cuyo domicilio social se encuentra en &#8211; 2 Rue Averroes, 93000 Bobigny, FranciaInscrito en: 840929384Bajo Siret N\u00b0 :&nbsp;84092938400013P\u00e1gina web&nbsp;: https:\/\/winnerscore.co COLLAB 3652 Rue Averroes, 93000 Bobigny, Francia+33 6 74 84 24 94 Copyright WINNERSCORE es un servicio comercializado por la empresa COLLAB 365 SASU con [&hellip;]","og_url":"https:\/\/winnerscore.co\/es\/informacion-juridica\/","og_site_name":"Winnerscore","article_modified_time":"2024-02-08T12:53:12+00:00","twitter_card":"summary_large_image","twitter_misc":{"Tiempo de lectura":"2 minutos"},"schema":{"@context":"https:\/\/schema.org","@graph":[{"@type":"WebPage","@id":"https:\/\/winnerscore.co\/es\/informacion-juridica\/","url":"https:\/\/winnerscore.co\/es\/informacion-juridica\/","name":"Informaci\u00f3n jur\u00eddica - Winnerscore","isPartOf":{"@id":"https:\/\/winnerscore.co\/#website"},"datePublished":"2024-02-01T19:36:28+00:00","dateModified":"2024-02-08T12:53:12+00:00","breadcrumb":{"@id":"https:\/\/winnerscore.co\/es\/informacion-juridica\/#breadcrumb"},"inLanguage":"es","potentialAction":[{"@type":"ReadAction","target":["https:\/\/winnerscore.co\/es\/informacion-juridica\/"]}]},{"@type":"BreadcrumbList","@id":"https:\/\/winnerscore.co\/es\/informacion-juridica\/#breadcrumb","itemListElement":[{"@type":"ListItem","position":1,"name":"Accueil","item":"https:\/\/winnerscore.co\/es\/inicio\/"},{"@type":"ListItem","position":2,"name":"Informaci\u00f3n jur\u00eddica"}]},{"@type":"WebSite","@id":"https:\/\/winnerscore.co\/#website","url":"https:\/\/winnerscore.co\/","name":"Winnerscore","description":"La premi\u00e8re plateforme de pronostics en entreprise int\u00e9gr\u00e9e dans Microsoft Teams","publisher":{"@id":"https:\/\/winnerscore.co\/#organization"},"potentialAction":[{"@type":"SearchAction","target":{"@type":"EntryPoint","urlTemplate":"https:\/\/winnerscore.co\/?s={search_term_string}"},"query-input":{"@type":"PropertyValueSpecification","valueRequired":true,"valueName":"search_term_string"}}],"inLanguage":"es"},{"@type":"Organization","@id":"https:\/\/winnerscore.co\/#organization","name":"Winnerscore","url":"https:\/\/winnerscore.co\/","logo":{"@type":"ImageObject","inLanguage":"es","@id":"https:\/\/winnerscore.co\/#\/schema\/logo\/image\/","url":"https:\/\/winnerscore.co\/wp-content\/uploads\/2024\/02\/Calque_1.svg","contentUrl":"https:\/\/winnerscore.co\/wp-content\/uploads\/2024\/02\/Calque_1.svg","width":245,"height":24,"caption":"Winnerscore"},"image":{"@id":"https:\/\/winnerscore.co\/#\/schema\/logo\/image\/"},"sameAs":["https:\/\/www.youtube.com\/@winnerscore","https:\/\/www.linkedin.com\/company\/winnerscore"]}]}},"_links":{"self":[{"href":"https:\/\/winnerscore.co\/es\/wp-json\/wp\/v2\/pages\/793"}],"collection":[{"href":"https:\/\/winnerscore.co\/es\/wp-json\/wp\/v2\/pages"}],"about":[{"href":"https:\/\/winnerscore.co\/es\/wp-json\/wp\/v2\/types\/page"}],"author":[{"embeddable":true,"href":"https:\/\/winnerscore.co\/es\/wp-json\/wp\/v2\/users\/1"}],"replies":[{"embeddable":true,"href":"https:\/\/winnerscore.co\/es\/wp-json\/wp\/v2\/comments?post=793"}],"version-history":[{"count":3,"href":"https:\/\/winnerscore.co\/es\/wp-json\/wp\/v2\/pages\/793\/revisions"}],"predecessor-version":[{"id":967,"href":"https:\/\/winnerscore.co\/es\/wp-json\/wp\/v2\/pages\/793\/revisions\/967"}],"wp:attachment":[{"href":"https:\/\/winnerscore.co\/es\/wp-json\/wp\/v2\/media?parent=793"}],"curies":[{"name":"wp","href":"https:\/\/api.w.org\/{rel}","templated":true}]}}