{"id":794,"date":"2024-02-01T19:37:31","date_gmt":"2024-02-01T19:37:31","guid":{"rendered":"https:\/\/winnerscore.co\/politica-de-cookies\/"},"modified":"2024-02-08T12:54:05","modified_gmt":"2024-02-08T12:54:05","slug":"politica-de-cookies","status":"publish","type":"page","link":"https:\/\/winnerscore.co\/es\/politica-de-cookies\/","title":{"rendered":"Pol\u00edtica de cookies"},"content":{"rendered":"\t\t<div data-elementor-type=\"wp-page\" data-elementor-id=\"794\" class=\"elementor elementor-794 elementor-423\" data-elementor-post-type=\"page\">\n\t\t\t\t<div class=\"elementor-element elementor-element-74c5d41 e-flex e-con-boxed e-con e-parent\" data-id=\"74c5d41\" data-element_type=\"container\">\n\t\t\t\t\t<div class=\"e-con-inner\">\n\t\t<div class=\"elementor-element elementor-element-4901296 e-flex e-con-boxed e-con e-child\" data-id=\"4901296\" data-element_type=\"container\">\n\t\t\t\t\t<div class=\"e-con-inner\">\n\t\t\t\t<div class=\"elementor-element elementor-element-4546ffb elementor-widget elementor-widget-heading\" data-id=\"4546ffb\" data-element_type=\"widget\" data-widget_type=\"heading.default\">\n\t\t\t\t<div class=\"elementor-widget-container\">\n\t\t\t\t\t<h1 class=\"elementor-heading-title elementor-size-default\">Pol\u00edtica de cookies<\/h1>\t\t\t\t<\/div>\n\t\t\t\t<\/div>\n\t\t\t\t\t<\/div>\n\t\t\t\t<\/div>\n\t\t<div class=\"elementor-element elementor-element-d6f3ecd e-flex e-con-boxed e-con e-child\" data-id=\"d6f3ecd\" data-element_type=\"container\">\n\t\t\t\t\t<div class=\"e-con-inner\">\n\t\t\t\t<div class=\"elementor-element elementor-element-27c53af elementor-widget elementor-widget-text-editor\" data-id=\"27c53af\" data-element_type=\"widget\" data-widget_type=\"text-editor.default\">\n\t\t\t\t<div class=\"elementor-widget-container\">\n\t\t\t\t\t\t\t\t\t<div>\n<h3>\u00bfQu\u00e9 es una galleta?<\/h3>\n<p>Una cookie es un peque\u00f1o archivo de texto que se almacena en su ordenador, tableta o tel\u00e9fono cuando utiliza el sitio web de WINNERSCORE. Permite a nuestro sitio web reconocerle, recordar sus preferencias y comprender c\u00f3mo utiliza nuestros servicios.<\/p>\n<\/div>\n<div>\n<h3>\u00bfC\u00f3mo se utilizan?<\/h3>\n<p>Las cookies estrictamente necesarias son esenciales para navegar por el sitio y no pueden desactivarse.<\/p>\n<ul role=\"list\">\n<li>Las cookies funcionales nos permiten reconocerle y ofrecerle contenidos adaptados a sus preferencias.<\/li>\n<li>Las cookies anal\u00edticas nos permiten recopilar informaci\u00f3n an\u00f3nima sobre c\u00f3mo los visitantes utilizan nuestro sitio.<\/li>\n<li>Las cookies de marketing y medici\u00f3n de audiencia registran informaci\u00f3n sobre los h\u00e1bitos de navegaci\u00f3n para adaptar la publicidad a sus \u00e1reas de inter\u00e9s.<\/li>\n<\/ul>\n<\/div>\n<div>\n<h3>\u00bfQu\u00e9 informaci\u00f3n almacenan las cookies?<\/h3>\n<p>Por lo general, una cookie puede contener la siguiente informaci\u00f3n:<\/p>\n<ul role=\"list\">\n<li>Nombre del sitio web.<\/li>\n<li>Cu\u00e1nto tiempo se almacena la cookie en su dispositivo.<\/li>\n<li>Sus h\u00e1bitos de navegaci\u00f3n por Internet (incluida su direcci\u00f3n IP).<\/li>\n<li>Las especificaciones t\u00e9cnicas de su dispositivo y un valor (normalmente un n\u00famero \u00fanico generado aleatoriamente).<\/li>\n<\/ul>\n<\/div>\n<div>\n<h3>\u00bfC\u00f3mo se gestionan mis cookies?<\/h3>\n<p>Existen cookies de sesi\u00f3n y cookies persistentes.<\/p>\n<p>Cookies de sesi\u00f3n: se almacenan en su dispositivo mientras dura su sesi\u00f3n de Internet. Cuando finaliza la sesi\u00f3n y cierra el navegador, se eliminan autom\u00e1ticamente.<\/p>\n<p>Cookies persistentes: Se almacenan en su dispositivo durante un m\u00e1ximo de 13 meses. Tambi\u00e9n puede eliminarlas utilizando nuestra herramienta de gesti\u00f3n de cookies o directamente desde su navegador.<\/p>\n<p>Encontrar\u00e1 los diferentes enlaces de ayuda en funci\u00f3n de su navegador:<\/p>\n<ul role=\"list\">\n<li>Chrome: https:&nbsp; \/\/support<a href=\"https:\/\/support.google.com\/chrome\/answer\/95647?hl=fr&amp;hlrm=en\" target=\"_blank\" rel=\"noopener\">.google.com\/chrome\/answer\/95647?hl=es&amp;hlrm=es<\/a><\/li>\n<li>Internet Explorer: https:&nbsp; \/\/support<a href=\"https:\/\/support.microsoft.com\/fr-fr\/help\/17442\/windows-internet-explorer-delete-manage-cookies\" target=\"_blank\" rel=\"noopener\">.microsoft.com\/es-es\/help\/17442\/windows-internet-explorer-delete-manage-cookies<\/a>&nbsp;&nbsp;<\/li>\n<li>Safari: https:&nbsp; \/\/support<a href=\"https:\/\/support.apple.com\/fr-fr\/guide\/safari\/sfri11471\/mac\" target=\"_blank\" rel=\"noopener\">.apple.com\/en-fr\/guide\/safari\/sfri11471\/mac<\/a><\/li>\n<li>Firefox: http:&nbsp; \/\/support<a href=\"http:\/\/support.mozilla.org\/fr\/kb\/cookies-informations-sites-enregistrent?redirectlocale=fr&amp;redirectslug=G%C3%A9rer+les+cookies\" target=\"_blank\" rel=\"noopener\">.mozilla.org\/en\/kb\/cookies-informations-sites-enregistrent?redirectlocale=en&amp;redirectslug=G%C3%A9rer+the+cookies<\/a><\/li>\n<li>Opera: http:&nbsp;<a href=\"https:\/\/help.opera.com\/en\/latest\/web-preferences\/\" target=\"_blank\" rel=\"noopener\">\/\/help.opera.com\/Windows\/10.20\/en\/cookies.html<\/a><\/li>\n<\/ul>\n<p><span style=\"color: var( --e-global-color-text ); font-family: var( --e-global-typography-text-font-family ), Sans-serif; font-size: var( --e-global-typography-text-font-size ); font-weight: var( --e-global-typography-text-font-weight ); text-align: var(--text-align);\"><br><\/span><\/p><p><span style=\"color: var( --e-global-color-text ); font-family: var( --e-global-typography-text-font-family ), Sans-serif; font-size: var( --e-global-typography-text-font-size ); font-weight: var( --e-global-typography-text-font-weight ); text-align: var(--text-align);\">Si desea informaci\u00f3n sobre la publicidad basada en el comportamiento y la protecci\u00f3n de la privacidad en l\u00ednea, consulte los siguientes enlaces:&nbsp;&nbsp;<\/span><br><\/p>\n<ul role=\"list\">\n<li>YourOnlineChoices: http:&nbsp;<a href=\"http:\/\/www.youronlinechoices.com\/fr\/\" target=\"_blank\" rel=\"noopener\">\/\/www.youronlinechoices.com\/fr\/<\/a><\/li>\n<li>Pol\u00edticas de Google: https:&nbsp; \/\/policies<a href=\"https:\/\/policies.google.com\/technologies\/partner-sites\" target=\"_blank\" rel=\"noopener\">.google.com\/technologies\/partner-sites<\/a><\/li>\n<\/ul>\n<\/div>\t\t\t\t\t\t\t\t<\/div>\n\t\t\t\t<\/div>\n\t\t\t\t\t<\/div>\n\t\t\t\t<\/div>\n\t\t\t\t\t<\/div>\n\t\t\t\t<\/div>\n\t\t\t\t<\/div>\n\t\t","protected":false},"excerpt":{"rendered":"<p>Pol\u00edtica de cookies \u00bfQu\u00e9 es una galleta? Una cookie es un peque\u00f1o archivo de texto que se almacena en su ordenador, tableta o tel\u00e9fono cuando utiliza el sitio web de WINNERSCORE. Permite a nuestro sitio web reconocerle, recordar sus preferencias y comprender c\u00f3mo utiliza nuestros servicios. \u00bfC\u00f3mo se utilizan? Las cookies estrictamente necesarias son esenciales [&hellip;]<\/p>\n","protected":false},"author":1,"featured_media":0,"parent":0,"menu_order":0,"comment_status":"closed","ping_status":"closed","template":"","meta":{"footnotes":""},"yoast_head":"<!-- This site is optimized with the Yoast SEO plugin v24.5 - https:\/\/yoast.com\/wordpress\/plugins\/seo\/ -->\n<title>Pol\u00edtica de cookies - Winnerscore<\/title>\n<meta name=\"robots\" content=\"index, follow, max-snippet:-1, max-image-preview:large, max-video-preview:-1\" \/>\n<link rel=\"canonical\" href=\"https:\/\/winnerscore.co\/es\/politica-de-cookies\/\" \/>\n<meta property=\"og:locale\" content=\"es_ES\" \/>\n<meta property=\"og:type\" content=\"article\" \/>\n<meta property=\"og:title\" content=\"Pol\u00edtica de cookies - Winnerscore\" \/>\n<meta property=\"og:description\" content=\"Pol\u00edtica de cookies \u00bfQu\u00e9 es una galleta? Una cookie es un peque\u00f1o archivo de texto que se almacena en su ordenador, tableta o tel\u00e9fono cuando utiliza el sitio web de WINNERSCORE. Permite a nuestro sitio web reconocerle, recordar sus preferencias y comprender c\u00f3mo utiliza nuestros servicios. \u00bfC\u00f3mo se utilizan? Las cookies estrictamente necesarias son esenciales [&hellip;]\" \/>\n<meta property=\"og:url\" content=\"https:\/\/winnerscore.co\/es\/politica-de-cookies\/\" \/>\n<meta property=\"og:site_name\" content=\"Winnerscore\" \/>\n<meta property=\"article:modified_time\" content=\"2024-02-08T12:54:05+00:00\" \/>\n<meta name=\"twitter:card\" content=\"summary_large_image\" \/>\n<meta name=\"twitter:label1\" content=\"Tiempo de lectura\" \/>\n\t<meta name=\"twitter:data1\" content=\"2 minutos\" \/>\n<script type=\"application\/ld+json\" class=\"yoast-schema-graph\">{\"@context\":\"https:\/\/schema.org\",\"@graph\":[{\"@type\":\"WebPage\",\"@id\":\"https:\/\/winnerscore.co\/es\/politica-de-cookies\/\",\"url\":\"https:\/\/winnerscore.co\/es\/politica-de-cookies\/\",\"name\":\"Pol\u00edtica de cookies - Winnerscore\",\"isPartOf\":{\"@id\":\"https:\/\/winnerscore.co\/#website\"},\"datePublished\":\"2024-02-01T19:37:31+00:00\",\"dateModified\":\"2024-02-08T12:54:05+00:00\",\"breadcrumb\":{\"@id\":\"https:\/\/winnerscore.co\/es\/politica-de-cookies\/#breadcrumb\"},\"inLanguage\":\"es\",\"potentialAction\":[{\"@type\":\"ReadAction\",\"target\":[\"https:\/\/winnerscore.co\/es\/politica-de-cookies\/\"]}]},{\"@type\":\"BreadcrumbList\",\"@id\":\"https:\/\/winnerscore.co\/es\/politica-de-cookies\/#breadcrumb\",\"itemListElement\":[{\"@type\":\"ListItem\",\"position\":1,\"name\":\"Accueil\",\"item\":\"https:\/\/winnerscore.co\/es\/inicio\/\"},{\"@type\":\"ListItem\",\"position\":2,\"name\":\"Pol\u00edtica de cookies\"}]},{\"@type\":\"WebSite\",\"@id\":\"https:\/\/winnerscore.co\/#website\",\"url\":\"https:\/\/winnerscore.co\/\",\"name\":\"Winnerscore\",\"description\":\"La premi\u00e8re plateforme de pronostics en entreprise int\u00e9gr\u00e9e dans Microsoft Teams\",\"publisher\":{\"@id\":\"https:\/\/winnerscore.co\/#organization\"},\"potentialAction\":[{\"@type\":\"SearchAction\",\"target\":{\"@type\":\"EntryPoint\",\"urlTemplate\":\"https:\/\/winnerscore.co\/?s={search_term_string}\"},\"query-input\":{\"@type\":\"PropertyValueSpecification\",\"valueRequired\":true,\"valueName\":\"search_term_string\"}}],\"inLanguage\":\"es\"},{\"@type\":\"Organization\",\"@id\":\"https:\/\/winnerscore.co\/#organization\",\"name\":\"Winnerscore\",\"url\":\"https:\/\/winnerscore.co\/\",\"logo\":{\"@type\":\"ImageObject\",\"inLanguage\":\"es\",\"@id\":\"https:\/\/winnerscore.co\/#\/schema\/logo\/image\/\",\"url\":\"https:\/\/winnerscore.co\/wp-content\/uploads\/2024\/02\/Calque_1.svg\",\"contentUrl\":\"https:\/\/winnerscore.co\/wp-content\/uploads\/2024\/02\/Calque_1.svg\",\"width\":245,\"height\":24,\"caption\":\"Winnerscore\"},\"image\":{\"@id\":\"https:\/\/winnerscore.co\/#\/schema\/logo\/image\/\"},\"sameAs\":[\"https:\/\/www.youtube.com\/@winnerscore\",\"https:\/\/www.linkedin.com\/company\/winnerscore\"]}]}<\/script>\n<!-- \/ Yoast SEO plugin. -->","yoast_head_json":{"title":"Pol\u00edtica de cookies - Winnerscore","robots":{"index":"index","follow":"follow","max-snippet":"max-snippet:-1","max-image-preview":"max-image-preview:large","max-video-preview":"max-video-preview:-1"},"canonical":"https:\/\/winnerscore.co\/es\/politica-de-cookies\/","og_locale":"es_ES","og_type":"article","og_title":"Pol\u00edtica de cookies - Winnerscore","og_description":"Pol\u00edtica de cookies \u00bfQu\u00e9 es una galleta? Una cookie es un peque\u00f1o archivo de texto que se almacena en su ordenador, tableta o tel\u00e9fono cuando utiliza el sitio web de WINNERSCORE. Permite a nuestro sitio web reconocerle, recordar sus preferencias y comprender c\u00f3mo utiliza nuestros servicios. \u00bfC\u00f3mo se utilizan? Las cookies estrictamente necesarias son esenciales [&hellip;]","og_url":"https:\/\/winnerscore.co\/es\/politica-de-cookies\/","og_site_name":"Winnerscore","article_modified_time":"2024-02-08T12:54:05+00:00","twitter_card":"summary_large_image","twitter_misc":{"Tiempo de lectura":"2 minutos"},"schema":{"@context":"https:\/\/schema.org","@graph":[{"@type":"WebPage","@id":"https:\/\/winnerscore.co\/es\/politica-de-cookies\/","url":"https:\/\/winnerscore.co\/es\/politica-de-cookies\/","name":"Pol\u00edtica de cookies - Winnerscore","isPartOf":{"@id":"https:\/\/winnerscore.co\/#website"},"datePublished":"2024-02-01T19:37:31+00:00","dateModified":"2024-02-08T12:54:05+00:00","breadcrumb":{"@id":"https:\/\/winnerscore.co\/es\/politica-de-cookies\/#breadcrumb"},"inLanguage":"es","potentialAction":[{"@type":"ReadAction","target":["https:\/\/winnerscore.co\/es\/politica-de-cookies\/"]}]},{"@type":"BreadcrumbList","@id":"https:\/\/winnerscore.co\/es\/politica-de-cookies\/#breadcrumb","itemListElement":[{"@type":"ListItem","position":1,"name":"Accueil","item":"https:\/\/winnerscore.co\/es\/inicio\/"},{"@type":"ListItem","position":2,"name":"Pol\u00edtica de cookies"}]},{"@type":"WebSite","@id":"https:\/\/winnerscore.co\/#website","url":"https:\/\/winnerscore.co\/","name":"Winnerscore","description":"La premi\u00e8re plateforme de pronostics en entreprise int\u00e9gr\u00e9e dans Microsoft Teams","publisher":{"@id":"https:\/\/winnerscore.co\/#organization"},"potentialAction":[{"@type":"SearchAction","target":{"@type":"EntryPoint","urlTemplate":"https:\/\/winnerscore.co\/?s={search_term_string}"},"query-input":{"@type":"PropertyValueSpecification","valueRequired":true,"valueName":"search_term_string"}}],"inLanguage":"es"},{"@type":"Organization","@id":"https:\/\/winnerscore.co\/#organization","name":"Winnerscore","url":"https:\/\/winnerscore.co\/","logo":{"@type":"ImageObject","inLanguage":"es","@id":"https:\/\/winnerscore.co\/#\/schema\/logo\/image\/","url":"https:\/\/winnerscore.co\/wp-content\/uploads\/2024\/02\/Calque_1.svg","contentUrl":"https:\/\/winnerscore.co\/wp-content\/uploads\/2024\/02\/Calque_1.svg","width":245,"height":24,"caption":"Winnerscore"},"image":{"@id":"https:\/\/winnerscore.co\/#\/schema\/logo\/image\/"},"sameAs":["https:\/\/www.youtube.com\/@winnerscore","https:\/\/www.linkedin.com\/company\/winnerscore"]}]}},"_links":{"self":[{"href":"https:\/\/winnerscore.co\/es\/wp-json\/wp\/v2\/pages\/794"}],"collection":[{"href":"https:\/\/winnerscore.co\/es\/wp-json\/wp\/v2\/pages"}],"about":[{"href":"https:\/\/winnerscore.co\/es\/wp-json\/wp\/v2\/types\/page"}],"author":[{"embeddable":true,"href":"https:\/\/winnerscore.co\/es\/wp-json\/wp\/v2\/users\/1"}],"replies":[{"embeddable":true,"href":"https:\/\/winnerscore.co\/es\/wp-json\/wp\/v2\/comments?post=794"}],"version-history":[{"count":3,"href":"https:\/\/winnerscore.co\/es\/wp-json\/wp\/v2\/pages\/794\/revisions"}],"predecessor-version":[{"id":973,"href":"https:\/\/winnerscore.co\/es\/wp-json\/wp\/v2\/pages\/794\/revisions\/973"}],"wp:attachment":[{"href":"https:\/\/winnerscore.co\/es\/wp-json\/wp\/v2\/media?parent=794"}],"curies":[{"name":"wp","href":"https:\/\/api.w.org\/{rel}","templated":true}]}}