{"id":799,"date":"2024-02-01T19:37:14","date_gmt":"2024-02-01T19:37:14","guid":{"rendered":"https:\/\/winnerscore.co\/politica-de-privacidad\/"},"modified":"2024-02-08T11:57:28","modified_gmt":"2024-02-08T11:57:28","slug":"politica-de-privacidad","status":"publish","type":"page","link":"https:\/\/winnerscore.co\/es\/politica-de-privacidad\/","title":{"rendered":"Pol\u00edtica de privacidad"},"content":{"rendered":"\t\t<div data-elementor-type=\"wp-page\" data-elementor-id=\"799\" class=\"elementor elementor-799 elementor-421\" data-elementor-post-type=\"page\">\n\t\t\t\t<div class=\"elementor-element elementor-element-0ec91bb e-flex e-con-boxed e-con e-parent\" data-id=\"0ec91bb\" data-element_type=\"container\">\n\t\t\t\t\t<div class=\"e-con-inner\">\n\t\t<div class=\"elementor-element elementor-element-6250b70 e-flex e-con-boxed e-con e-child\" data-id=\"6250b70\" data-element_type=\"container\">\n\t\t\t\t\t<div class=\"e-con-inner\">\n\t\t\t\t<div class=\"elementor-element elementor-element-9150e70 elementor-widget elementor-widget-heading\" data-id=\"9150e70\" data-element_type=\"widget\" data-widget_type=\"heading.default\">\n\t\t\t\t<div class=\"elementor-widget-container\">\n\t\t\t\t\t<h2 class=\"elementor-heading-title elementor-size-default\">Carta de protecci\u00f3n de datos personales<\/h2>\t\t\t\t<\/div>\n\t\t\t\t<\/div>\n\t\t\t\t\t<\/div>\n\t\t\t\t<\/div>\n\t\t<div class=\"elementor-element elementor-element-c038d15 e-flex e-con-boxed e-con e-child\" data-id=\"c038d15\" data-element_type=\"container\">\n\t\t\t\t\t<div class=\"e-con-inner\">\n\t\t\t\t<div class=\"elementor-element elementor-element-9e21363 elementor-widget elementor-widget-text-editor\" data-id=\"9e21363\" data-element_type=\"widget\" data-widget_type=\"text-editor.default\">\n\t\t\t\t<div class=\"elementor-widget-container\">\n\t\t\t\t\t\t\t\t\t<div>\n<h3>Introducci\u00f3n<\/h3>\n<p>La presente carta de protecci\u00f3n de datos personales le informa de los compromisos de WINNERSCORE&nbsp;cuando se recogen datos personales que le conciernen a trav\u00e9s de su sitio Web y del uso que WINNERSCORE&nbsp;hace de ellos.<\/p>\n<\/div>\n<div>\n<h2>Datos personales que pueden recogerse a trav\u00e9s de nuestros sitios web<\/h2>\n<p>Puede visitar los sitios de WINNERSCORE sin tener que facilitar ning\u00fan dato personal sobre usted.<\/p>\n<p>No obstante, para acceder a determinados servicios disponibles en los sitios, como la descarga de determinados documentos o formularios, o para recibir informaci\u00f3n, suscribirse a un bolet\u00edn o para cualquier otro uso espec\u00edfico, WINNERSCORE&nbsp;podr\u00e1 solicitarle datos personales. El suministro de datos personales en este contexto es voluntario. Si no desea comunicarlas, simplemente no podr\u00e1 beneficiarse de los servicios disponibles en el sitio WINNERSCORE.<\/p>\n<p>Los datos personales recogidos en los sitios web de WINNERSCORE&nbsp;son :<\/p>\n<ul role=\"list\">\n<li>Para ponerse en contacto con nosotros a trav\u00e9s del sitio: informaci\u00f3n personal como su nombre, direcci\u00f3n, direcci\u00f3n de correo electr\u00f3nico, cargo o n\u00famero de tel\u00e9fono.<\/li>\n<li>Para presentar su candidatura: datos personales como nombre completo, direcci\u00f3n de correo electr\u00f3nico, curr\u00edculum v\u00edtae o carta de presentaci\u00f3n.<\/li>\n<li>Para registrarse en nuestro sitio: informaci\u00f3n personal como su nombre y datos comerciales, as\u00ed como otra informaci\u00f3n relacionada con su solicitud que puede recopilarse a trav\u00e9s de formularios espec\u00edficos.<\/li>\n<\/ul>\n<p>Los datos personales que se le piden pueden ser opcionales u obligatorios.<\/p>\n<\/div>\n<div>\n<h2>C\u00f3mo se utilizan sus datos personales<\/h2>\n<p>Sus datos personales s\u00f3lo ser\u00e1n tratados por WINNERSCORE&nbsp;si el tratamiento es necesario para la ejecuci\u00f3n de su solicitud o si usted lo ha consentido expresamente.<\/p>\n<p>Sus datos personales se utilizar\u00e1n para los siguientes fines<\/p>\n<ul role=\"list\">\n<li>Comunicar: hacer un seguimiento de sus solicitudes, responder a sus comentarios, enviarle por correo electr\u00f3nico la documentaci\u00f3n que haya solicitado.<\/li>\n<li>Contrataci\u00f3n: uso de su CV o solicitud en l\u00ednea con fines de contrataci\u00f3n, lo que significa que podemos ponernos en contacto con usted por correo electr\u00f3nico, tel\u00e9fono o correo postal.<\/li>\n<li>Suscribirse: para recibir nuestras publicaciones o boletines o para descargarlos de nuestro sitio web. Algunos datos pueden solicitarse a trav\u00e9s de un formulario espec\u00edfico para un acontecimiento concreto. Si el evento est\u00e1 cubierto por socios, la informaci\u00f3n que proporcione podr\u00e1 ser recopilada por ese tercero o compartida con \u00e9l. En ese caso, es responsabilidad suya comprobar el uso que este tercero hace de su informaci\u00f3n. Conservaremos su informaci\u00f3n para futuras interacciones con usted.<\/li>\n<\/ul>\n<\/div>\n<div>\n<h2>Informaci\u00f3n no personal recopilada autom\u00e1ticamente<\/h2>\n<p><span style=\"color: var( --e-global-color-text ); font-family: var( --e-global-typography-text-font-family ), Sans-serif; font-size: var( --e-global-typography-text-font-size ); font-weight: var( --e-global-typography-text-font-weight ); text-align: var(--text-align);\">WINNERSCORE<\/span><span style=\"color: var( --e-global-color-text ); font-family: var( --e-global-typography-text-font-family ), Sans-serif; font-size: var( --e-global-typography-text-font-size ); font-weight: var( --e-global-typography-text-font-weight ); text-align: var(--text-align);\">&nbsp;<\/span>se compromete a mantener la confidencialidad de la identidad de los visitantes de su sitio web. WINNERSCORE&nbsp;puede proporcionar a terceros estad\u00edsticas globales sobre los visitantes del sitio, datos de an\u00e1lisis de perfiles y otra informaci\u00f3n sobre el sitio. Estas estad\u00edsticas no incluyen informaci\u00f3n personal identificable.<\/p>\n<\/div>\n<div>\n<h2>Seguridad<\/h2>\n<p><span style=\"color: var( --e-global-color-text ); font-family: var( --e-global-typography-text-font-family ), Sans-serif; font-size: var( --e-global-typography-text-font-size ); font-weight: var( --e-global-typography-text-font-weight ); text-align: var(--text-align);\">WINNERSCORE<\/span><span style=\"color: var( --e-global-color-text ); font-family: var( --e-global-typography-text-font-family ), Sans-serif; font-size: var( --e-global-typography-text-font-size ); font-weight: var( --e-global-typography-text-font-weight ); text-align: var(--text-align);\">\n  &nbsp;\n<\/span>ha aplicado las medidas t\u00e9cnicas y organizativas necesarias para evitar el acceso no autorizado, el uso indebido, la divulgaci\u00f3n, la modificaci\u00f3n no autorizada, la destrucci\u00f3n ilegal o la p\u00e9rdida accidental de sus datos personales.<\/p>\n<p>Sin embargo, la comunicaci\u00f3n de datos personales (ya sea en directo, por tel\u00e9fono o a trav\u00e9s de Internet) nunca est\u00e1 exenta de riesgos, y los sistemas de comunicaci\u00f3n electr\u00f3nica no pueden protegerse totalmente contra el \u00absabotaje\u00bb o la \u00abpirater\u00eda inform\u00e1tica\u00bb. Internet es un sistema abierto y no seguro y WINNERSCORE no se hace responsable de la seguridad de las transmisiones de datos personales.<\/p>\n<\/div>\n<div>\n<h2>Periodo de conservaci\u00f3n de los datos personales<\/h2>\n<p><span style=\"color: var( --e-global-color-text ); font-family: var( --e-global-typography-text-font-family ), Sans-serif; font-size: var( --e-global-typography-text-font-size ); font-weight: var( --e-global-typography-text-font-weight ); text-align: var(--text-align);\">WINNERSCORE<\/span><span style=\"color: var( --e-global-color-text ); font-family: var( --e-global-typography-text-font-family ), Sans-serif; font-size: var( --e-global-typography-text-font-size ); font-weight: var( --e-global-typography-text-font-weight ); text-align: var(--text-align);\">\n  &nbsp;\n<\/span>conserva sus datos personales s\u00f3lo en la medida necesaria para los fines del tratamiento:<\/p>\n<ul role=\"list\">\n<li>Para todas las solicitudes comerciales y de marketing: estos datos se conservar\u00e1n durante un m\u00e1ximo de 3 a\u00f1os a partir del \u00faltimo contacto.<\/li>\n<li>Para todas las solicitudes relativas a la contrataci\u00f3n: estos datos se conservar\u00e1n durante un m\u00e1ximo de 2 a\u00f1os a partir de la fecha de nuestro \u00faltimo contacto.<\/li>\n<li>Cuando los datos personales que recopilamos dejan de ser necesarios, WINNERSCORE&nbsp;los destruye o los elimina de forma segura.<\/li>\n<\/ul>\n<\/div>\n<div>\n<h2>A qui\u00e9n van destinados sus datos personales<\/h2>\n<p>Sus datos personales recogidos a trav\u00e9s del sitio est\u00e1n destinados al uso exclusivo de WINNERSCORE&nbsp;para procesar su solicitud y se utilizan en la medida necesaria para lograr los fines indicados en esta carta.<\/p>\n<p><span style=\"color: var( --e-global-color-text ); font-family: var( --e-global-typography-text-font-family ), Sans-serif; font-size: var( --e-global-typography-text-font-size ); font-weight: var( --e-global-typography-text-font-weight ); text-align: var(--text-align);\">WINNERSCORE<\/span><span style=\"color: var( --e-global-color-text ); font-family: var( --e-global-typography-text-font-family ), Sans-serif; font-size: var( --e-global-typography-text-font-size ); font-weight: var( --e-global-typography-text-font-weight ); text-align: var(--text-align);\">\n  &nbsp;\n<\/span>no vende ni cede sus datos personales a terceros.<\/p>\n<\/div>\n<div>\n<h2>C\u00f3mo ejercer sus derechos<\/h2>\n<p>Tiene derecho a acceder a sus datos personales en cualquier momento. Tambi\u00e9n tiene derecho a solicitar la rectificaci\u00f3n y supresi\u00f3n, el derecho a limitar y oponerse al tratamiento y el derecho a la portabilidad en las condiciones establecidas por la normativa aplicable.<\/p>\n<p>Si tiene alguna pregunta sobre la pol\u00edtica de privacidad o si desea ejercer sus derechos, p\u00f3ngase en contacto con nosotros en contact@winnerscore.co. Por \u00faltimo, tiene derecho a presentar una reclamaci\u00f3n ante la Commission Nationale de l&#8217;Informatique et des Libert\u00e9s (CNIL), la autoridad de control encargada de velar por el cumplimiento de las obligaciones relativas a los datos personales.<\/p>\n<\/div>\n<div>\n<h2>Cambios<\/h2>\n<p><span style=\"color: var( --e-global-color-text ); font-family: var( --e-global-typography-text-font-family ), Sans-serif; font-size: var( --e-global-typography-text-font-size ); font-weight: var( --e-global-typography-text-font-weight ); text-align: var(--text-align);\">WINNERSCORE<\/span><span style=\"color: var( --e-global-color-text ); font-family: var( --e-global-typography-text-font-family ), Sans-serif; font-size: var( --e-global-typography-text-font-size ); font-weight: var( --e-global-typography-text-font-weight ); text-align: var(--text-align);\">&nbsp;<\/span>se reserva el derecho a modificar esta pol\u00edtica de confidencialidad y a modificar o retirar el acceso a este sitio. WINNERSCORE&nbsp;tambi\u00e9n podr\u00e1 modificar su contenido en cualquier momento, con o sin previo aviso.<\/p>\n<\/div>\t\t\t\t\t\t\t\t<\/div>\n\t\t\t\t<\/div>\n\t\t\t\t\t<\/div>\n\t\t\t\t<\/div>\n\t\t\t\t\t<\/div>\n\t\t\t\t<\/div>\n\t\t\t\t<\/div>\n\t\t","protected":false},"excerpt":{"rendered":"<p>Carta de protecci\u00f3n de datos personales Introducci\u00f3n La presente carta de protecci\u00f3n de datos personales le informa de los compromisos de WINNERSCORE&nbsp;cuando se recogen datos personales que le conciernen a trav\u00e9s de su sitio Web y del uso que WINNERSCORE&nbsp;hace de ellos. Datos personales que pueden recogerse a trav\u00e9s de nuestros sitios web Puede visitar [&hellip;]<\/p>\n","protected":false},"author":1,"featured_media":0,"parent":0,"menu_order":0,"comment_status":"closed","ping_status":"closed","template":"","meta":{"footnotes":""},"yoast_head":"<!-- This site is optimized with the Yoast SEO plugin v24.5 - https:\/\/yoast.com\/wordpress\/plugins\/seo\/ -->\n<title>Pol\u00edtica de privacidad - Winnerscore<\/title>\n<meta name=\"robots\" content=\"index, follow, max-snippet:-1, max-image-preview:large, max-video-preview:-1\" \/>\n<link rel=\"canonical\" href=\"https:\/\/winnerscore.co\/es\/?page_id=799\" \/>\n<meta property=\"og:locale\" content=\"es_ES\" \/>\n<meta property=\"og:type\" content=\"article\" \/>\n<meta property=\"og:title\" content=\"Pol\u00edtica de privacidad - Winnerscore\" \/>\n<meta property=\"og:description\" content=\"Carta de protecci\u00f3n de datos personales Introducci\u00f3n La presente carta de protecci\u00f3n de datos personales le informa de los compromisos de WINNERSCORE&nbsp;cuando se recogen datos personales que le conciernen a trav\u00e9s de su sitio Web y del uso que WINNERSCORE&nbsp;hace de ellos. Datos personales que pueden recogerse a trav\u00e9s de nuestros sitios web Puede visitar [&hellip;]\" \/>\n<meta property=\"og:url\" content=\"https:\/\/winnerscore.co\/es\/?page_id=799\" \/>\n<meta property=\"og:site_name\" content=\"Winnerscore\" \/>\n<meta property=\"article:modified_time\" content=\"2024-02-08T11:57:28+00:00\" \/>\n<meta name=\"twitter:card\" content=\"summary_large_image\" \/>\n<meta name=\"twitter:label1\" content=\"Tiempo de lectura\" \/>\n\t<meta name=\"twitter:data1\" content=\"5 minutos\" \/>\n<script type=\"application\/ld+json\" class=\"yoast-schema-graph\">{\"@context\":\"https:\/\/schema.org\",\"@graph\":[{\"@type\":\"WebPage\",\"@id\":\"https:\/\/winnerscore.co\/es\/?page_id=799\",\"url\":\"https:\/\/winnerscore.co\/es\/?page_id=799\",\"name\":\"Pol\u00edtica de privacidad - Winnerscore\",\"isPartOf\":{\"@id\":\"https:\/\/winnerscore.co\/#website\"},\"datePublished\":\"2024-02-01T19:37:14+00:00\",\"dateModified\":\"2024-02-08T11:57:28+00:00\",\"breadcrumb\":{\"@id\":\"https:\/\/winnerscore.co\/es\/?page_id=799#breadcrumb\"},\"inLanguage\":\"es\",\"potentialAction\":[{\"@type\":\"ReadAction\",\"target\":[\"https:\/\/winnerscore.co\/es\/?page_id=799\"]}]},{\"@type\":\"BreadcrumbList\",\"@id\":\"https:\/\/winnerscore.co\/es\/?page_id=799#breadcrumb\",\"itemListElement\":[{\"@type\":\"ListItem\",\"position\":1,\"name\":\"Accueil\",\"item\":\"https:\/\/winnerscore.co\/es\/inicio\/\"},{\"@type\":\"ListItem\",\"position\":2,\"name\":\"Pol\u00edtica de privacidad\"}]},{\"@type\":\"WebSite\",\"@id\":\"https:\/\/winnerscore.co\/#website\",\"url\":\"https:\/\/winnerscore.co\/\",\"name\":\"Winnerscore\",\"description\":\"La premi\u00e8re plateforme de pronostics en entreprise int\u00e9gr\u00e9e dans Microsoft Teams\",\"publisher\":{\"@id\":\"https:\/\/winnerscore.co\/#organization\"},\"potentialAction\":[{\"@type\":\"SearchAction\",\"target\":{\"@type\":\"EntryPoint\",\"urlTemplate\":\"https:\/\/winnerscore.co\/?s={search_term_string}\"},\"query-input\":{\"@type\":\"PropertyValueSpecification\",\"valueRequired\":true,\"valueName\":\"search_term_string\"}}],\"inLanguage\":\"es\"},{\"@type\":\"Organization\",\"@id\":\"https:\/\/winnerscore.co\/#organization\",\"name\":\"Winnerscore\",\"url\":\"https:\/\/winnerscore.co\/\",\"logo\":{\"@type\":\"ImageObject\",\"inLanguage\":\"es\",\"@id\":\"https:\/\/winnerscore.co\/#\/schema\/logo\/image\/\",\"url\":\"https:\/\/winnerscore.co\/wp-content\/uploads\/2024\/02\/Calque_1.svg\",\"contentUrl\":\"https:\/\/winnerscore.co\/wp-content\/uploads\/2024\/02\/Calque_1.svg\",\"width\":245,\"height\":24,\"caption\":\"Winnerscore\"},\"image\":{\"@id\":\"https:\/\/winnerscore.co\/#\/schema\/logo\/image\/\"},\"sameAs\":[\"https:\/\/www.youtube.com\/@winnerscore\",\"https:\/\/www.linkedin.com\/company\/winnerscore\"]}]}<\/script>\n<!-- \/ Yoast SEO plugin. -->","yoast_head_json":{"title":"Pol\u00edtica de privacidad - Winnerscore","robots":{"index":"index","follow":"follow","max-snippet":"max-snippet:-1","max-image-preview":"max-image-preview:large","max-video-preview":"max-video-preview:-1"},"canonical":"https:\/\/winnerscore.co\/es\/?page_id=799","og_locale":"es_ES","og_type":"article","og_title":"Pol\u00edtica de privacidad - Winnerscore","og_description":"Carta de protecci\u00f3n de datos personales Introducci\u00f3n La presente carta de protecci\u00f3n de datos personales le informa de los compromisos de WINNERSCORE&nbsp;cuando se recogen datos personales que le conciernen a trav\u00e9s de su sitio Web y del uso que WINNERSCORE&nbsp;hace de ellos. Datos personales que pueden recogerse a trav\u00e9s de nuestros sitios web Puede visitar [&hellip;]","og_url":"https:\/\/winnerscore.co\/es\/?page_id=799","og_site_name":"Winnerscore","article_modified_time":"2024-02-08T11:57:28+00:00","twitter_card":"summary_large_image","twitter_misc":{"Tiempo de lectura":"5 minutos"},"schema":{"@context":"https:\/\/schema.org","@graph":[{"@type":"WebPage","@id":"https:\/\/winnerscore.co\/es\/?page_id=799","url":"https:\/\/winnerscore.co\/es\/?page_id=799","name":"Pol\u00edtica de privacidad - Winnerscore","isPartOf":{"@id":"https:\/\/winnerscore.co\/#website"},"datePublished":"2024-02-01T19:37:14+00:00","dateModified":"2024-02-08T11:57:28+00:00","breadcrumb":{"@id":"https:\/\/winnerscore.co\/es\/?page_id=799#breadcrumb"},"inLanguage":"es","potentialAction":[{"@type":"ReadAction","target":["https:\/\/winnerscore.co\/es\/?page_id=799"]}]},{"@type":"BreadcrumbList","@id":"https:\/\/winnerscore.co\/es\/?page_id=799#breadcrumb","itemListElement":[{"@type":"ListItem","position":1,"name":"Accueil","item":"https:\/\/winnerscore.co\/es\/inicio\/"},{"@type":"ListItem","position":2,"name":"Pol\u00edtica de privacidad"}]},{"@type":"WebSite","@id":"https:\/\/winnerscore.co\/#website","url":"https:\/\/winnerscore.co\/","name":"Winnerscore","description":"La premi\u00e8re plateforme de pronostics en entreprise int\u00e9gr\u00e9e dans Microsoft Teams","publisher":{"@id":"https:\/\/winnerscore.co\/#organization"},"potentialAction":[{"@type":"SearchAction","target":{"@type":"EntryPoint","urlTemplate":"https:\/\/winnerscore.co\/?s={search_term_string}"},"query-input":{"@type":"PropertyValueSpecification","valueRequired":true,"valueName":"search_term_string"}}],"inLanguage":"es"},{"@type":"Organization","@id":"https:\/\/winnerscore.co\/#organization","name":"Winnerscore","url":"https:\/\/winnerscore.co\/","logo":{"@type":"ImageObject","inLanguage":"es","@id":"https:\/\/winnerscore.co\/#\/schema\/logo\/image\/","url":"https:\/\/winnerscore.co\/wp-content\/uploads\/2024\/02\/Calque_1.svg","contentUrl":"https:\/\/winnerscore.co\/wp-content\/uploads\/2024\/02\/Calque_1.svg","width":245,"height":24,"caption":"Winnerscore"},"image":{"@id":"https:\/\/winnerscore.co\/#\/schema\/logo\/image\/"},"sameAs":["https:\/\/www.youtube.com\/@winnerscore","https:\/\/www.linkedin.com\/company\/winnerscore"]}]}},"_links":{"self":[{"href":"https:\/\/winnerscore.co\/es\/wp-json\/wp\/v2\/pages\/799"}],"collection":[{"href":"https:\/\/winnerscore.co\/es\/wp-json\/wp\/v2\/pages"}],"about":[{"href":"https:\/\/winnerscore.co\/es\/wp-json\/wp\/v2\/types\/page"}],"author":[{"embeddable":true,"href":"https:\/\/winnerscore.co\/es\/wp-json\/wp\/v2\/users\/1"}],"replies":[{"embeddable":true,"href":"https:\/\/winnerscore.co\/es\/wp-json\/wp\/v2\/comments?post=799"}],"version-history":[{"count":2,"href":"https:\/\/winnerscore.co\/es\/wp-json\/wp\/v2\/pages\/799\/revisions"}],"predecessor-version":[{"id":801,"href":"https:\/\/winnerscore.co\/es\/wp-json\/wp\/v2\/pages\/799\/revisions\/801"}],"wp:attachment":[{"href":"https:\/\/winnerscore.co\/es\/wp-json\/wp\/v2\/media?parent=799"}],"curies":[{"name":"wp","href":"https:\/\/api.w.org\/{rel}","templated":true}]}}